{"id":861,"date":"2022-11-26T08:44:44","date_gmt":"2022-11-26T07:44:44","guid":{"rendered":"http:\/\/lovsit.pl\/?page_id=861"},"modified":"2022-11-28T17:17:57","modified_gmt":"2022-11-28T16:17:57","slug":"salsa","status":"publish","type":"page","link":"http:\/\/lovsit.pl\/index.php\/salsa\/","title":{"rendered":"SALSA"},"content":{"rendered":"\n<div class=\"wp-block-columns container has-white-background-color has-background is-layout-flex wp-container-core-columns-is-layout-9d6595d7 wp-block-columns-is-layout-flex\">\n<div class=\"wp-block-column is-vertically-aligned-center is-layout-flow wp-block-column-is-layout-flow\">\n<div class=\"wp-block-nextend-smartslider3\"><\/div>\n<\/div>\n\n\n\n<div class=\"wp-block-column is-vertically-aligned-center is-layout-flow wp-block-column-is-layout-flow\" style=\"flex-basis:500px\">\n<h1 class=\"mb-0 spacing wp-block-heading\" id=\"napp\">SALSA<\/h1>\n\n\n\n<h2 class=\"wp-block-heading\" id=\"od-5-150-zl\">od <strong><strong><strong><strong><strong>5 038<\/strong><\/strong><\/strong>&nbsp;z\u0142<\/strong><\/strong><\/h2>\n\n\n\n<p>Naro\u017cnik rozk\u0142adany Salsa jest nie tylko dodatkiem do wn\u0119trza, kt\u00f3re&nbsp;cechuje si\u0119&nbsp;<strong>nowoczesnym, minimalistycznym designem<\/strong>. To tak\u017ce w pe\u0142ni u\u017cyteczny mebel, kt\u00f3ry w razie potrzeby \u2013<strong>&nbsp;dzi\u0119ki funkcji spania i pojemnikowi na po\u015bciel<\/strong>&nbsp;\u2013 stanie si\u0119 idealnym miejscem odpoczynku dla Twoich go\u015bci. Atutem jest tu&nbsp;<strong>ruchomy zag\u0142\u00f3wek<\/strong>, kt\u00f3ry pozwoli Ci na pe\u0142en relaks.&nbsp;<strong>Delikatne&nbsp;drewniane nogi<\/strong>&nbsp;podkre\u015blaj\u0105 lekko\u015b\u0107 bry\u0142y. Do ca\u0142o\u015bci&nbsp;mo\u017cesz dobra\u0107 te\u017c odpowiednie obicie, tak aby naro\u017cnik dobrze komponowa\u0142 si\u0119 z Twoj\u0105 koncepcj\u0105 wn\u0119trza.&nbsp;Urz\u0105dzasz dom w stylu nowoczesnym? Naro\u017cnik Salsa wzbogaci Tw\u00f3j salon, pok\u00f3j go\u015bcinny lub nawet domowe biuro. Wybierz go do przestrzeni, w kt\u00f3rej zale\u017cy Ci na rozwi\u0105zaniach wygodnych, praktycznych i pozwalaj\u0105cych dobrze ugo\u015bci\u0107 wszystkich, kt\u00f3rzy Ci\u0119 odwiedzaj\u0105.&nbsp;<\/p>\n\n\n\n<div style=\"height:10px\" aria-hidden=\"true\" class=\"wp-block-spacer\"><\/div>\n\n\n\n<p><strong>Kup w salonach mebli WAJNERT<\/strong>.<\/p>\n\n\n\n<p><a href=\"https:\/\/www.wajnert.pl\/mapa-salonow-2\/\">Lista salon\u00f3w<\/a><\/p>\n<\/div>\n<\/div>\n\n\n\n<div style=\"height:50px\" aria-hidden=\"true\" class=\"wp-block-spacer\"><\/div>\n\n\n\n<div class=\"wp-block-columns container is-layout-flex wp-container-core-columns-is-layout-9d6595d7 wp-block-columns-is-layout-flex\">\n<div class=\"wp-block-column backgroundpink3 is-layout-flow wp-block-column-is-layout-flow\">\n<div style=\"height:20px\" aria-hidden=\"true\" class=\"wp-block-spacer\"><\/div>\n\n\n\n<h2 class=\"has-text-align-center mb-0 wp-block-heading\" id=\"zalety\">ZALETY<\/h2>\n\n\n\n<div class=\"wp-block-columns container is-layout-flex wp-container-core-columns-is-layout-9d6595d7 wp-block-columns-is-layout-flex\">\n<div class=\"wp-block-column is-layout-flow wp-block-column-is-layout-flow\">\n<p class=\"has-text-align-center\">Funkcja spania<\/p>\n<\/div>\n\n\n\n<div class=\"wp-block-column is-layout-flow wp-block-column-is-layout-flow\">\n<p class=\"has-text-align-center\">Ruchomy zag\u0142\u00f3wek<\/p>\n<\/div>\n\n\n\n<div class=\"wp-block-column is-layout-flow wp-block-column-is-layout-flow\">\n<p class=\"has-text-align-center\">Pojemnik<\/p>\n<\/div>\n\n\n\n<div class=\"wp-block-column is-layout-flow wp-block-column-is-layout-flow\">\n<p class=\"has-text-align-center\">Spr\u0119\u017cyna falista<\/p>\n<\/div>\n<\/div>\n<\/div>\n<\/div>\n\n\n\n<div style=\"height:50px\" aria-hidden=\"true\" class=\"wp-block-spacer\"><\/div>\n\n\n\n<h2 class=\"has-text-align-center wp-block-heading\" id=\"wymiary\">WYMIARY<\/h2>\n\n\n\n<div class=\"wp-block-columns container is-layout-flex wp-container-core-columns-is-layout-9d6595d7 wp-block-columns-is-layout-flex\">\n<div class=\"wp-block-column container is-layout-flow wp-block-column-is-layout-flow\">\n<div class=\"wp-block-columns container mb-0 is-layout-flex wp-container-core-columns-is-layout-9d6595d7 wp-block-columns-is-layout-flex\">\n<div class=\"wp-block-column is-layout-flow wp-block-column-is-layout-flow\">\n<p class=\"has-text-align-left\"><strong>Szeroko\u015b\u0107<\/strong><\/p>\n<\/div>\n\n\n\n<div class=\"wp-block-column is-layout-flow wp-block-column-is-layout-flow\">\n<p class=\"has-text-align-center\">265 cm<\/p>\n<\/div>\n\n\n\n<div class=\"wp-block-column is-layout-flow wp-block-column-is-layout-flow\">\n<p class=\"has-text-align-left\"><strong>Wysoko\u015b\u0107 siedziska<\/strong><\/p>\n<\/div>\n\n\n\n<div class=\"wp-block-column is-layout-flow wp-block-column-is-layout-flow\">\n<p class=\"has-text-align-center\">45 cm<\/p>\n<\/div>\n<\/div>\n\n\n\n<div class=\"wp-block-columns container mt-0 mb-0 is-layout-flex wp-container-core-columns-is-layout-9d6595d7 wp-block-columns-is-layout-flex\">\n<div class=\"wp-block-column is-layout-flow wp-block-column-is-layout-flow\">\n<p class=\"has-text-align-left\"><strong><strong>Wysoko\u015b\u0107<\/strong><\/strong><\/p>\n<\/div>\n\n\n\n<div class=\"wp-block-column is-layout-flow wp-block-column-is-layout-flow\">\n<p class=\"has-text-align-center\">99 cm<\/p>\n<\/div>\n\n\n\n<div class=\"wp-block-column is-layout-flow wp-block-column-is-layout-flow\">\n<p class=\"has-text-align-left\"><strong>G\u0142\u0119boko\u015b\u0107 siedziska<\/strong><\/p>\n<\/div>\n\n\n\n<div class=\"wp-block-column is-layout-flow wp-block-column-is-layout-flow\">\n<p class=\"has-text-align-center\">58 cm<\/p>\n<\/div>\n<\/div>\n\n\n\n<div class=\"wp-block-columns container mt-0 is-layout-flex wp-container-core-columns-is-layout-9d6595d7 wp-block-columns-is-layout-flex\">\n<div class=\"wp-block-column is-layout-flow wp-block-column-is-layout-flow\">\n<p class=\"has-text-align-left\"><strong>G\u0142\u0119boko\u015b\u0107<\/strong><\/p>\n<\/div>\n\n\n\n<div class=\"wp-block-column is-layout-flow wp-block-column-is-layout-flow\">\n<p class=\"has-text-align-center\">102 cm<\/p>\n<\/div>\n\n\n\n<div class=\"wp-block-column is-layout-flow wp-block-column-is-layout-flow\">\n<p class=\"has-text-align-left\"><strong>D\u0142ugo\u015b\u0107<\/strong><\/p>\n<\/div>\n\n\n\n<div class=\"wp-block-column is-layout-flow wp-block-column-is-layout-flow\">\n<p class=\"has-text-align-center\">200 cm<\/p>\n<\/div>\n<\/div>\n\n\n\n<div class=\"wp-block-columns container mt-0 is-layout-flex wp-container-core-columns-is-layout-9d6595d7 wp-block-columns-is-layout-flex\">\n<div class=\"wp-block-column is-layout-flow wp-block-column-is-layout-flow\">\n<p class=\"has-text-align-left\"><strong>Wysoko\u015b\u0107 oparcia<\/strong><\/p>\n<\/div>\n\n\n\n<div class=\"wp-block-column is-layout-flow wp-block-column-is-layout-flow\">\n<p class=\"has-text-align-center\">45-54 cm<\/p>\n<\/div>\n\n\n\n<div class=\"wp-block-column is-layout-flow wp-block-column-is-layout-flow\">\n<p class=\"has-text-align-left\"><strong>Powierzchnia spania &#8211; d\u0142ugo\u015b\u0107<\/strong><\/p>\n<\/div>\n\n\n\n<div class=\"wp-block-column is-layout-flow wp-block-column-is-layout-flow\">\n<p class=\"has-text-align-center\">197 cm<\/p>\n<\/div>\n<\/div>\n\n\n\n<div class=\"wp-block-columns container is-layout-flex wp-container-core-columns-is-layout-9d6595d7 wp-block-columns-is-layout-flex\">\n<div class=\"wp-block-column is-layout-flow wp-block-column-is-layout-flow\">\n<p class=\"has-text-align-right\"><strong>Powierzchnia spania &#8211; szeroko\u015b\u0107<\/strong><\/p>\n<\/div>\n\n\n\n<div class=\"wp-block-column is-layout-flow wp-block-column-is-layout-flow\">\n<p>118 cm<\/p>\n<\/div>\n<\/div>\n<\/div>\n<\/div>\n\n\n\n<div style=\"height:30px\" aria-hidden=\"true\" class=\"wp-block-spacer\"><\/div>\n\n\n\n<h2 class=\"has-text-align-center wp-block-heading\" id=\"wymiary\">INFORMACJE DODATKOWE<\/h2>\n\n\n\n<div class=\"wp-block-columns container is-layout-flex wp-container-core-columns-is-layout-9d6595d7 wp-block-columns-is-layout-flex\">\n<div class=\"wp-block-column is-layout-flow wp-block-column-is-layout-flow\">\n<div class=\"wp-block-columns container mt-0 mb-0 is-layout-flex wp-container-core-columns-is-layout-9d6595d7 wp-block-columns-is-layout-flex\">\n<div class=\"wp-block-column ml-s is-layout-flow wp-block-column-is-layout-flow\">\n<p class=\"has-text-align-left\"><strong>Waga mebla<\/strong><\/p>\n<\/div>\n\n\n\n<div class=\"wp-block-column is-layout-flow wp-block-column-is-layout-flow\">\n<p>146 kg<\/p>\n<\/div>\n<\/div>\n\n\n\n<div class=\"wp-block-columns container mt-0 mb-0 is-layout-flex wp-container-core-columns-is-layout-9d6595d7 wp-block-columns-is-layout-flex\">\n<div class=\"wp-block-column ml-s is-layout-flow wp-block-column-is-layout-flow\">\n<p class=\"has-text-align-left\"><strong>Wysoko\u015b\u0107 n\u00f3\u017cek<\/strong><\/p>\n<\/div>\n\n\n\n<div class=\"wp-block-column is-layout-flow wp-block-column-is-layout-flow\">\n<p>10 cm<\/p>\n<\/div>\n<\/div>\n\n\n\n<div class=\"wp-block-columns container mt-0 mb-0 is-layout-flex wp-container-core-columns-is-layout-9d6595d7 wp-block-columns-is-layout-flex\">\n<div class=\"wp-block-column ml-s is-layout-flow wp-block-column-is-layout-flow\">\n<p class=\"has-text-align-left\"><strong>Wykonanie oparcia<\/strong><\/p>\n<\/div>\n\n\n\n<div class=\"wp-block-column is-layout-flow wp-block-column-is-layout-flow\">\n<p>wypofilowana pianka poliuretanowa<\/p>\n<\/div>\n<\/div>\n\n\n\n<div class=\"wp-block-columns container mt-0 mb-0 is-layout-flex wp-container-core-columns-is-layout-9d6595d7 wp-block-columns-is-layout-flex\">\n<div class=\"wp-block-column ml-s is-layout-flow wp-block-column-is-layout-flow\">\n<p class=\"has-text-align-left\"><strong>Wykonanie siedziska<\/strong><\/p>\n<\/div>\n\n\n\n<div class=\"wp-block-column is-layout-flow wp-block-column-is-layout-flow\">\n<p>pianka wysokoelastyczna \/  bonell<\/p>\n<\/div>\n<\/div>\n\n\n\n<div class=\"wp-block-columns container mt-0 mb-0 is-layout-flex wp-container-core-columns-is-layout-9d6595d7 wp-block-columns-is-layout-flex\">\n<div class=\"wp-block-column ml-s is-layout-flow wp-block-column-is-layout-flow\">\n<p class=\"has-text-align-left\"><strong>Wykonanie n\u00f3\u017cek<\/strong><\/p>\n<\/div>\n\n\n\n<div class=\"wp-block-column is-layout-flow wp-block-column-is-layout-flow\">\n<p>drewno<\/p>\n<\/div>\n<\/div>\n\n\n\n<div class=\"wp-block-columns container mt-0 mb-0 is-layout-flex wp-container-core-columns-is-layout-9d6595d7 wp-block-columns-is-layout-flex\">\n<div class=\"wp-block-column ml-s is-layout-flow wp-block-column-is-layout-flow\">\n<p class=\"has-text-align-left\"><strong>Rodzaj funkcji spania<\/strong><\/p>\n<\/div>\n\n\n\n<div class=\"wp-block-column is-layout-flow wp-block-column-is-layout-flow\">\n<p>delfin<\/p>\n<\/div>\n<\/div>\n\n\n\n<div class=\"wp-block-columns container mt-0 is-layout-flex wp-container-core-columns-is-layout-9d6595d7 wp-block-columns-is-layout-flex\">\n<div class=\"wp-block-column ml-s is-layout-flow wp-block-column-is-layout-flow\">\n<p class=\"has-text-align-left\"><strong>Ilo\u015b\u0107 os\u00f3b<\/strong><\/p>\n<\/div>\n\n\n\n<div class=\"wp-block-column is-layout-flow wp-block-column-is-layout-flow\">\n<p>4<\/p>\n<\/div>\n<\/div>\n<\/div>\n<\/div>\n\n\n\n<div style=\"height:50px\" aria-hidden=\"true\" class=\"wp-block-spacer\"><\/div>\n\n\n\n<div class=\"wp-block-columns container is-layout-flex wp-container-core-columns-is-layout-9d6595d7 wp-block-columns-is-layout-flex\">\n<div class=\"wp-block-column is-layout-flow wp-block-column-is-layout-flow\">\n<h1 class=\"wp-block-heading\">Kolekcje<\/h1>\n\n\n\n<div class=\"wp-block-columns is-layout-flex wp-container-core-columns-is-layout-9d6595d7 wp-block-columns-is-layout-flex\">\n<div class=\"wp-block-column is-layout-flow wp-block-column-is-layout-flow\">\n<figure class=\"wp-block-image size-full\"><a href=\"http:\/\/lovsit.pl\/index.php\/narozniki-new\"><img loading=\"lazy\" decoding=\"async\" width=\"790\" height=\"584\" src=\"http:\/\/lovsit.pl\/wp-content\/uploads\/2022\/11\/photo@2x.png\" alt=\"\" class=\"wp-image-603\" srcset=\"http:\/\/lovsit.pl\/wp-content\/uploads\/2022\/11\/photo@2x.png 790w, http:\/\/lovsit.pl\/wp-content\/uploads\/2022\/11\/photo@2x-300x222.png 300w, http:\/\/lovsit.pl\/wp-content\/uploads\/2022\/11\/photo@2x-768x568.png 768w\" sizes=\"auto, (max-width: 790px) 100vw, 790px\" \/><\/a><\/figure>\n\n\n\n<p>Naro\u017cniki<\/p>\n<\/div>\n\n\n\n<div class=\"wp-block-column is-layout-flow wp-block-column-is-layout-flow\" style=\"flex-basis:2vw\"><\/div>\n\n\n\n<div class=\"wp-block-column is-layout-flow wp-block-column-is-layout-flow\">\n<figure class=\"wp-block-image size-full\"><a href=\"http:\/\/lovsit.pl\/index.php\/sofy-new\"><img loading=\"lazy\" decoding=\"async\" width=\"790\" height=\"586\" src=\"http:\/\/lovsit.pl\/wp-content\/uploads\/2022\/11\/zrzut-ekranu-2022-10-11-o-17-10-27@2x.png\" alt=\"\" class=\"wp-image-604\" srcset=\"http:\/\/lovsit.pl\/wp-content\/uploads\/2022\/11\/zrzut-ekranu-2022-10-11-o-17-10-27@2x.png 790w, http:\/\/lovsit.pl\/wp-content\/uploads\/2022\/11\/zrzut-ekranu-2022-10-11-o-17-10-27@2x-300x223.png 300w, http:\/\/lovsit.pl\/wp-content\/uploads\/2022\/11\/zrzut-ekranu-2022-10-11-o-17-10-27@2x-768x570.png 768w\" sizes=\"auto, (max-width: 790px) 100vw, 790px\" \/><\/a><\/figure>\n\n\n\n<p>Sofy<\/p>\n<\/div>\n\n\n\n<div class=\"wp-block-column is-layout-flow wp-block-column-is-layout-flow\" style=\"flex-basis:2vw\"><\/div>\n\n\n\n<div class=\"wp-block-column is-layout-flow wp-block-column-is-layout-flow\">\n<figure class=\"wp-block-image size-full\"><a href=\"http:\/\/lovsit.pl\/index.php\/fotele-new\"><img loading=\"lazy\" decoding=\"async\" width=\"790\" height=\"586\" src=\"http:\/\/lovsit.pl\/wp-content\/uploads\/2022\/11\/mula@2x.png\" alt=\"\" class=\"wp-image-605\" srcset=\"http:\/\/lovsit.pl\/wp-content\/uploads\/2022\/11\/mula@2x.png 790w, http:\/\/lovsit.pl\/wp-content\/uploads\/2022\/11\/mula@2x-300x223.png 300w, http:\/\/lovsit.pl\/wp-content\/uploads\/2022\/11\/mula@2x-768x570.png 768w\" sizes=\"auto, (max-width: 790px) 100vw, 790px\" \/><\/a><\/figure>\n\n\n\n<p>Fotele<\/p>\n<\/div>\n<\/div>\n\n\n\n<div style=\"height:50px\" aria-hidden=\"true\" class=\"wp-block-spacer\"><\/div>\n<\/div>\n<\/div>\n\n\n\n<div class=\"wp-block-columns m-0 has-background is-layout-flex wp-container-core-columns-is-layout-9d6595d7 wp-block-columns-is-layout-flex\" style=\"background-color:#f6f6f6\">\n<div class=\"wp-block-column container is-layout-flow wp-block-column-is-layout-flow\">\n<div style=\"height:50px\" aria-hidden=\"true\" class=\"wp-block-spacer\"><\/div>\n\n\n\n<div class=\"wp-block-columns container is-layout-flex wp-container-core-columns-is-layout-9d6595d7 wp-block-columns-is-layout-flex\">\n<div class=\"wp-block-column is-vertically-aligned-center is-layout-flow wp-block-column-is-layout-flow\">\n<figure class=\"wp-block-image size-full is-resized\"><img loading=\"lazy\" decoding=\"async\" src=\"http:\/\/lovsit.pl\/wp-content\/uploads\/2022\/11\/lovsit-logo.png\" alt=\"\" class=\"wp-image-703\" width=\"119\" height=\"58\"\/><\/figure>\n<\/div>\n\n\n\n<div class=\"wp-block-column is-layout-flow wp-block-column-is-layout-flow\">\n<h2 class=\"wp-block-heading\" id=\"kontakt\">WAJNERT MEBLE sp. z o. o.<\/h2>\n\n\n\n<p>ul. Kolejowa 67 PL 56-513 Mi\u0119dzyb\u00f3rz<\/p>\n<\/div>\n\n\n\n<div class=\"wp-block-column is-layout-flow wp-block-column-is-layout-flow\">\n<h2 class=\"wp-block-heading\">Jeste\u015bmy tu dla Ciebie, skontaktuj si\u0119 z nami<\/h2>\n\n\n\n<p>E: bok@wajnert.pl T: +48 62 59 96 740<\/p>\n<\/div>\n<\/div>\n\n\n\n<div style=\"height:50px\" aria-hidden=\"true\" class=\"wp-block-spacer\"><\/div>\n<\/div>\n<\/div>\n","protected":false},"excerpt":{"rendered":"<p>SALSA od 5 038&nbsp;z\u0142 Naro\u017cnik rozk\u0142adany Salsa jest nie tylko dodatkiem do wn\u0119trza, kt\u00f3re&nbsp;cechuje si\u0119&nbsp;nowoczesnym, minimalistycznym designem. To tak\u017ce w pe\u0142ni u\u017cyteczny mebel, kt\u00f3ry w razie potrzeby \u2013&nbsp;dzi\u0119ki funkcji spania i pojemnikowi na po\u015bciel&nbsp;\u2013 stanie si\u0119 idealnym miejscem odpoczynku dla Twoich go\u015bci. Atutem jest tu&nbsp;ruchomy zag\u0142\u00f3wek, kt\u00f3ry pozwoli Ci na pe\u0142en relaks.&nbsp;Delikatne&nbsp;drewniane nogi&nbsp;podkre\u015blaj\u0105 lekko\u015b\u0107 bry\u0142y. [&hellip;]<\/p>\n","protected":false},"author":1,"featured_media":0,"parent":0,"menu_order":0,"comment_status":"closed","ping_status":"closed","template":"","meta":{"footnotes":""},"class_list":["post-861","page","type-page","status-publish","hentry"],"_links":{"self":[{"href":"http:\/\/lovsit.pl\/index.php\/wp-json\/wp\/v2\/pages\/861","targetHints":{"allow":["GET"]}}],"collection":[{"href":"http:\/\/lovsit.pl\/index.php\/wp-json\/wp\/v2\/pages"}],"about":[{"href":"http:\/\/lovsit.pl\/index.php\/wp-json\/wp\/v2\/types\/page"}],"author":[{"embeddable":true,"href":"http:\/\/lovsit.pl\/index.php\/wp-json\/wp\/v2\/users\/1"}],"replies":[{"embeddable":true,"href":"http:\/\/lovsit.pl\/index.php\/wp-json\/wp\/v2\/comments?post=861"}],"version-history":[{"count":15,"href":"http:\/\/lovsit.pl\/index.php\/wp-json\/wp\/v2\/pages\/861\/revisions"}],"predecessor-version":[{"id":1157,"href":"http:\/\/lovsit.pl\/index.php\/wp-json\/wp\/v2\/pages\/861\/revisions\/1157"}],"wp:attachment":[{"href":"http:\/\/lovsit.pl\/index.php\/wp-json\/wp\/v2\/media?parent=861"}],"curies":[{"name":"wp","href":"https:\/\/api.w.org\/{rel}","templated":true}]}}