{"id":778,"date":"2022-11-25T12:16:36","date_gmt":"2022-11-25T11:16:36","guid":{"rendered":"http:\/\/lovsit.pl\/?page_id=778"},"modified":"2022-11-28T17:47:41","modified_gmt":"2022-11-28T16:47:41","slug":"modern","status":"publish","type":"page","link":"http:\/\/lovsit.pl\/index.php\/modern\/","title":{"rendered":"MODERN"},"content":{"rendered":"\n<div class=\"wp-block-columns container has-white-background-color has-background is-layout-flex wp-container-core-columns-is-layout-9d6595d7 wp-block-columns-is-layout-flex\">\n<div class=\"wp-block-column is-vertically-aligned-center is-layout-flow wp-block-column-is-layout-flow\">\n<div class=\"wp-block-nextend-smartslider3\"><\/div>\n<\/div>\n\n\n\n<div class=\"wp-block-column is-vertically-aligned-center is-layout-flow wp-block-column-is-layout-flow\" style=\"flex-basis:500px\">\n<h1 class=\"mb-0 spacing wp-block-heading\" id=\"napp\">MODERN<\/h1>\n\n\n\n<h2 class=\"wp-block-heading\" id=\"od-5-150-zl\">od 1 616&nbsp;z\u0142<\/h2>\n\n\n\n<p>Fotel do salonu Modern zachwyci&nbsp;Ci\u0119 swoj\u0105&nbsp;<strong>nowoczesn\u0105 lini\u0105<\/strong>, kt\u00f3rej&nbsp;nie oprze si\u0119 \u017caden mi\u0142o\u015bnik \u015bwiatowych trend\u00f3w. G\u0142\u00f3wnym atutem jest&nbsp;<strong>doskona\u0142y design<\/strong>, przywodz\u0105cy na my\u015bl kultowe bry\u0142y znane z historii projektowania. Opr\u00f3cz walor\u00f3w zewn\u0119trznych warto zwr\u00f3ci\u0107&nbsp;w tym modelu fotela wypoczynkowego&nbsp;uwag\u0119 na&nbsp;<strong>wyj\u0105tkow\u0105 mi\u0119kko\u015b\u0107 siedziska i oparcia<\/strong>. Ca\u0142o\u015b\u0107 prezentuje si\u0119 idealnie, poniewa\u017c jest&nbsp;dost\u0119pna&nbsp;mi\u0119dzy&nbsp;innymi&nbsp;w&nbsp;<strong>ponadczasowej sk\u00f3rze<\/strong>, kt\u00f3ra podkre\u015bli wyj\u0105tkowo\u015b\u0107 Twojej&nbsp;przestrzeni. Dodatkow\u0105 cech\u0105 charakterystyczn\u0105 s\u0105 tu&nbsp;<strong>nowoczesne metalowe nogi&nbsp;w formie ramy&nbsp;w kolorze czarnym<\/strong>.&nbsp;<\/p>\n\n\n\n<div style=\"height:10px\" aria-hidden=\"true\" class=\"wp-block-spacer\"><\/div>\n\n\n\n<p><strong>Kup w salonach mebli WAJNERT<\/strong>.<\/p>\n\n\n\n<p><a href=\"https:\/\/www.wajnert.pl\/mapa-salonow-2\/\">Lista salon\u00f3w<\/a><\/p>\n<\/div>\n<\/div>\n\n\n\n<div style=\"height:50px\" aria-hidden=\"true\" class=\"wp-block-spacer\"><\/div>\n\n\n\n<div class=\"wp-block-columns container is-layout-flex wp-container-core-columns-is-layout-9d6595d7 wp-block-columns-is-layout-flex\">\n<div class=\"wp-block-column backgroundpink3 is-layout-flow wp-block-column-is-layout-flow\">\n<div style=\"height:20px\" aria-hidden=\"true\" class=\"wp-block-spacer\"><\/div>\n\n\n\n<h2 class=\"has-text-align-center mb-0 wp-block-heading\" id=\"zalety\">ZALETY<\/h2>\n\n\n\n<div class=\"wp-block-columns container is-layout-flex wp-container-core-columns-is-layout-9d6595d7 wp-block-columns-is-layout-flex\">\n<div class=\"wp-block-column is-layout-flow wp-block-column-is-layout-flow\">\n<p class=\"has-text-align-center\">Dost\u0119pne w sk\u00f3rze<\/p>\n<\/div>\n\n\n\n<div class=\"wp-block-column is-layout-flow wp-block-column-is-layout-flow\">\n<p class=\"has-text-align-center\">Pianka wysokoelastyczna<\/p>\n<\/div>\n<\/div>\n<\/div>\n<\/div>\n\n\n\n<div style=\"height:50px\" aria-hidden=\"true\" class=\"wp-block-spacer\"><\/div>\n\n\n\n<h2 class=\"has-text-align-center wp-block-heading\" id=\"wymiary\">WYMIARY<\/h2>\n\n\n\n<div class=\"wp-block-columns container is-layout-flex wp-container-core-columns-is-layout-9d6595d7 wp-block-columns-is-layout-flex\">\n<div class=\"wp-block-column container is-layout-flow wp-block-column-is-layout-flow\">\n<div class=\"wp-block-columns container mb-0 is-layout-flex wp-container-core-columns-is-layout-9d6595d7 wp-block-columns-is-layout-flex\">\n<div class=\"wp-block-column is-layout-flow wp-block-column-is-layout-flow\">\n<p class=\"has-text-align-left\"><strong>Szeroko\u015b\u0107<\/strong><\/p>\n<\/div>\n\n\n\n<div class=\"wp-block-column is-layout-flow wp-block-column-is-layout-flow\">\n<p class=\"has-text-align-center\">64cm<\/p>\n<\/div>\n\n\n\n<div class=\"wp-block-column is-layout-flow wp-block-column-is-layout-flow\">\n<p class=\"has-text-align-left\"><strong>Wysoko\u015b\u0107 siedziska<\/strong><\/p>\n<\/div>\n\n\n\n<div class=\"wp-block-column is-layout-flow wp-block-column-is-layout-flow\">\n<p class=\"has-text-align-center\">48cm<\/p>\n<\/div>\n<\/div>\n\n\n\n<div class=\"wp-block-columns container mt-0 mb-0 is-layout-flex wp-container-core-columns-is-layout-9d6595d7 wp-block-columns-is-layout-flex\">\n<div class=\"wp-block-column is-layout-flow wp-block-column-is-layout-flow\">\n<p class=\"has-text-align-left\"><strong><strong>Wysoko\u015b\u0107<\/strong><\/strong><\/p>\n<\/div>\n\n\n\n<div class=\"wp-block-column is-layout-flow wp-block-column-is-layout-flow\">\n<p class=\"has-text-align-center\">83 cm<\/p>\n<\/div>\n\n\n\n<div class=\"wp-block-column is-layout-flow wp-block-column-is-layout-flow\">\n<p class=\"has-text-align-left\"><strong>G\u0142\u0119boko\u015b\u0107 siedziska<\/strong><\/p>\n<\/div>\n\n\n\n<div class=\"wp-block-column is-layout-flow wp-block-column-is-layout-flow\">\n<p class=\"has-text-align-center\">57 cm<\/p>\n<\/div>\n<\/div>\n\n\n\n<div class=\"wp-block-columns container mt-0 is-layout-flex wp-container-core-columns-is-layout-9d6595d7 wp-block-columns-is-layout-flex\">\n<div class=\"wp-block-column is-layout-flow wp-block-column-is-layout-flow\">\n<p class=\"has-text-align-left\"><strong>G\u0142\u0119boko\u015b\u0107<\/strong><\/p>\n<\/div>\n\n\n\n<div class=\"wp-block-column is-layout-flow wp-block-column-is-layout-flow\">\n<p class=\"has-text-align-center\">88 cm<\/p>\n<\/div>\n\n\n\n<div class=\"wp-block-column is-layout-flow wp-block-column-is-layout-flow\">\n<p class=\"has-text-align-left\"><strong>Wysoko\u015b\u0107 oparcia<\/strong><\/p>\n<\/div>\n\n\n\n<div class=\"wp-block-column is-layout-flow wp-block-column-is-layout-flow\">\n<p class=\"has-text-align-center\">45 cm<\/p>\n<\/div>\n<\/div>\n<\/div>\n<\/div>\n\n\n\n<div style=\"height:30px\" aria-hidden=\"true\" class=\"wp-block-spacer\"><\/div>\n\n\n\n<h2 class=\"has-text-align-center wp-block-heading\" id=\"wymiary\">INFORMACJE DODATKOWE<\/h2>\n\n\n\n<div class=\"wp-block-columns container is-layout-flex wp-container-core-columns-is-layout-9d6595d7 wp-block-columns-is-layout-flex\">\n<div class=\"wp-block-column is-layout-flow wp-block-column-is-layout-flow\">\n<div class=\"wp-block-columns container mt-0 mb-0 is-layout-flex wp-container-core-columns-is-layout-9d6595d7 wp-block-columns-is-layout-flex\">\n<div class=\"wp-block-column ml-s is-layout-flow wp-block-column-is-layout-flow\">\n<p class=\"has-text-align-left\"><strong>Waga mebla<\/strong><\/p>\n<\/div>\n\n\n\n<div class=\"wp-block-column is-layout-flow wp-block-column-is-layout-flow\">\n<p>16 kg<\/p>\n<\/div>\n<\/div>\n\n\n\n<div class=\"wp-block-columns container mt-0 mb-0 is-layout-flex wp-container-core-columns-is-layout-9d6595d7 wp-block-columns-is-layout-flex\">\n<div class=\"wp-block-column ml-s is-layout-flow wp-block-column-is-layout-flow\">\n<p class=\"has-text-align-left\"><strong>Wykonanie oparcia<\/strong><\/p>\n<\/div>\n\n\n\n<div class=\"wp-block-column is-layout-flow wp-block-column-is-layout-flow\">\n<p>ko\u0142derka z puchem silikonowym \/ pianka poliuretanowa \/ pas elastyczny<\/p>\n<\/div>\n<\/div>\n\n\n\n<div class=\"wp-block-columns container mt-0 mb-0 is-layout-flex wp-container-core-columns-is-layout-9d6595d7 wp-block-columns-is-layout-flex\">\n<div class=\"wp-block-column ml-s is-layout-flow wp-block-column-is-layout-flow\">\n<p class=\"has-text-align-left\"><strong>Wykonanie siedziska<\/strong><\/p>\n<\/div>\n\n\n\n<div class=\"wp-block-column is-layout-flow wp-block-column-is-layout-flow\">\n<p>pianka wysokoelastyczna \/ ko\u0142derka z puchem silikonowym<\/p>\n<\/div>\n<\/div>\n<\/div>\n<\/div>\n\n\n\n<div style=\"height:50px\" aria-hidden=\"true\" class=\"wp-block-spacer\"><\/div>\n\n\n\n<div class=\"wp-block-columns container is-layout-flex wp-container-core-columns-is-layout-9d6595d7 wp-block-columns-is-layout-flex\">\n<div class=\"wp-block-column is-layout-flow wp-block-column-is-layout-flow\">\n<h1 class=\"wp-block-heading\">Kolekcje<\/h1>\n\n\n\n<div class=\"wp-block-columns is-layout-flex wp-container-core-columns-is-layout-9d6595d7 wp-block-columns-is-layout-flex\">\n<div class=\"wp-block-column is-layout-flow wp-block-column-is-layout-flow\">\n<figure class=\"wp-block-image size-full\"><a href=\"http:\/\/lovsit.pl\/index.php\/narozniki-new\"><img loading=\"lazy\" decoding=\"async\" width=\"790\" height=\"584\" src=\"http:\/\/lovsit.pl\/wp-content\/uploads\/2022\/11\/photo@2x.png\" alt=\"\" class=\"wp-image-603\" srcset=\"http:\/\/lovsit.pl\/wp-content\/uploads\/2022\/11\/photo@2x.png 790w, http:\/\/lovsit.pl\/wp-content\/uploads\/2022\/11\/photo@2x-300x222.png 300w, http:\/\/lovsit.pl\/wp-content\/uploads\/2022\/11\/photo@2x-768x568.png 768w\" sizes=\"auto, (max-width: 790px) 100vw, 790px\" \/><\/a><\/figure>\n\n\n\n<p>Naro\u017cniki<\/p>\n<\/div>\n\n\n\n<div class=\"wp-block-column is-layout-flow wp-block-column-is-layout-flow\" style=\"flex-basis:2vw\"><\/div>\n\n\n\n<div class=\"wp-block-column is-layout-flow wp-block-column-is-layout-flow\">\n<figure class=\"wp-block-image size-full\"><a href=\"http:\/\/lovsit.pl\/index.php\/sofy-new\"><img loading=\"lazy\" decoding=\"async\" width=\"790\" height=\"586\" src=\"http:\/\/lovsit.pl\/wp-content\/uploads\/2022\/11\/zrzut-ekranu-2022-10-11-o-17-10-27@2x.png\" alt=\"\" class=\"wp-image-604\" srcset=\"http:\/\/lovsit.pl\/wp-content\/uploads\/2022\/11\/zrzut-ekranu-2022-10-11-o-17-10-27@2x.png 790w, http:\/\/lovsit.pl\/wp-content\/uploads\/2022\/11\/zrzut-ekranu-2022-10-11-o-17-10-27@2x-300x223.png 300w, http:\/\/lovsit.pl\/wp-content\/uploads\/2022\/11\/zrzut-ekranu-2022-10-11-o-17-10-27@2x-768x570.png 768w\" sizes=\"auto, (max-width: 790px) 100vw, 790px\" \/><\/a><\/figure>\n\n\n\n<p>Sofy<\/p>\n<\/div>\n\n\n\n<div class=\"wp-block-column is-layout-flow wp-block-column-is-layout-flow\" style=\"flex-basis:2vw\"><\/div>\n\n\n\n<div class=\"wp-block-column is-layout-flow wp-block-column-is-layout-flow\">\n<figure class=\"wp-block-image size-full\"><a href=\"http:\/\/lovsit.pl\/index.php\/fotele-new\"><img loading=\"lazy\" decoding=\"async\" width=\"790\" height=\"586\" src=\"http:\/\/lovsit.pl\/wp-content\/uploads\/2022\/11\/mula@2x.png\" alt=\"\" class=\"wp-image-605\" srcset=\"http:\/\/lovsit.pl\/wp-content\/uploads\/2022\/11\/mula@2x.png 790w, http:\/\/lovsit.pl\/wp-content\/uploads\/2022\/11\/mula@2x-300x223.png 300w, http:\/\/lovsit.pl\/wp-content\/uploads\/2022\/11\/mula@2x-768x570.png 768w\" sizes=\"auto, (max-width: 790px) 100vw, 790px\" \/><\/a><\/figure>\n\n\n\n<p>Fotele<\/p>\n<\/div>\n<\/div>\n\n\n\n<div style=\"height:50px\" aria-hidden=\"true\" class=\"wp-block-spacer\"><\/div>\n<\/div>\n<\/div>\n\n\n\n<div class=\"wp-block-columns m-0 has-background is-layout-flex wp-container-core-columns-is-layout-9d6595d7 wp-block-columns-is-layout-flex\" style=\"background-color:#f6f6f6\">\n<div class=\"wp-block-column container is-layout-flow wp-block-column-is-layout-flow\">\n<div style=\"height:50px\" aria-hidden=\"true\" class=\"wp-block-spacer\"><\/div>\n\n\n\n<div class=\"wp-block-columns container is-layout-flex wp-container-core-columns-is-layout-9d6595d7 wp-block-columns-is-layout-flex\">\n<div class=\"wp-block-column is-vertically-aligned-center is-layout-flow wp-block-column-is-layout-flow\">\n<figure class=\"wp-block-image size-full is-resized\"><img loading=\"lazy\" decoding=\"async\" src=\"http:\/\/lovsit.pl\/wp-content\/uploads\/2022\/11\/lovsit-logo.png\" alt=\"\" class=\"wp-image-703\" width=\"119\" height=\"58\"\/><\/figure>\n<\/div>\n\n\n\n<div class=\"wp-block-column is-layout-flow wp-block-column-is-layout-flow\">\n<h2 class=\"wp-block-heading\" id=\"kontakt\">WAJNERT MEBLE sp. z o. o.<\/h2>\n\n\n\n<p>ul. Kolejowa 67 PL 56-513 Mi\u0119dzyb\u00f3rz<\/p>\n<\/div>\n\n\n\n<div class=\"wp-block-column is-layout-flow wp-block-column-is-layout-flow\">\n<h2 class=\"wp-block-heading\">Jeste\u015bmy tu dla Ciebie, skontaktuj si\u0119 z nami<\/h2>\n\n\n\n<p>E: bok@wajnert.pl T: +48 62 59 96 740<\/p>\n<\/div>\n<\/div>\n\n\n\n<div style=\"height:50px\" aria-hidden=\"true\" class=\"wp-block-spacer\"><\/div>\n<\/div>\n<\/div>\n","protected":false},"excerpt":{"rendered":"<p>MODERN od 1 616&nbsp;z\u0142 Fotel do salonu Modern zachwyci&nbsp;Ci\u0119 swoj\u0105&nbsp;nowoczesn\u0105 lini\u0105, kt\u00f3rej&nbsp;nie oprze si\u0119 \u017caden mi\u0142o\u015bnik \u015bwiatowych trend\u00f3w. G\u0142\u00f3wnym atutem jest&nbsp;doskona\u0142y design, przywodz\u0105cy na my\u015bl kultowe bry\u0142y znane z historii projektowania. Opr\u00f3cz walor\u00f3w zewn\u0119trznych warto zwr\u00f3ci\u0107&nbsp;w tym modelu fotela wypoczynkowego&nbsp;uwag\u0119 na&nbsp;wyj\u0105tkow\u0105 mi\u0119kko\u015b\u0107 siedziska i oparcia. Ca\u0142o\u015b\u0107 prezentuje si\u0119 idealnie, poniewa\u017c jest&nbsp;dost\u0119pna&nbsp;mi\u0119dzy&nbsp;innymi&nbsp;w&nbsp;ponadczasowej sk\u00f3rze, kt\u00f3ra podkre\u015bli wyj\u0105tkowo\u015b\u0107 [&hellip;]<\/p>\n","protected":false},"author":1,"featured_media":0,"parent":0,"menu_order":0,"comment_status":"closed","ping_status":"closed","template":"","meta":{"footnotes":""},"class_list":["post-778","page","type-page","status-publish","hentry"],"_links":{"self":[{"href":"http:\/\/lovsit.pl\/index.php\/wp-json\/wp\/v2\/pages\/778","targetHints":{"allow":["GET"]}}],"collection":[{"href":"http:\/\/lovsit.pl\/index.php\/wp-json\/wp\/v2\/pages"}],"about":[{"href":"http:\/\/lovsit.pl\/index.php\/wp-json\/wp\/v2\/types\/page"}],"author":[{"embeddable":true,"href":"http:\/\/lovsit.pl\/index.php\/wp-json\/wp\/v2\/users\/1"}],"replies":[{"embeddable":true,"href":"http:\/\/lovsit.pl\/index.php\/wp-json\/wp\/v2\/comments?post=778"}],"version-history":[{"count":13,"href":"http:\/\/lovsit.pl\/index.php\/wp-json\/wp\/v2\/pages\/778\/revisions"}],"predecessor-version":[{"id":1195,"href":"http:\/\/lovsit.pl\/index.php\/wp-json\/wp\/v2\/pages\/778\/revisions\/1195"}],"wp:attachment":[{"href":"http:\/\/lovsit.pl\/index.php\/wp-json\/wp\/v2\/media?parent=778"}],"curies":[{"name":"wp","href":"https:\/\/api.w.org\/{rel}","templated":true}]}}