{"id":679,"date":"2022-11-20T10:35:22","date_gmt":"2022-11-20T09:35:22","guid":{"rendered":"http:\/\/lovsit.pl\/?page_id=679"},"modified":"2022-12-19T16:05:41","modified_gmt":"2022-12-19T15:05:41","slug":"fotele-new","status":"publish","type":"page","link":"http:\/\/lovsit.pl\/index.php\/fotele-new\/","title":{"rendered":"FOTELE NEW"},"content":{"rendered":"\n<figure class=\"wp-block-image size-full m-0\"><img loading=\"lazy\" decoding=\"async\" width=\"2880\" height=\"994\" src=\"http:\/\/lovsit.pl\/wp-content\/uploads\/2022\/11\/fotele-1.png\" alt=\"\" class=\"wp-image-760\" srcset=\"http:\/\/lovsit.pl\/wp-content\/uploads\/2022\/11\/fotele-1.png 2880w, http:\/\/lovsit.pl\/wp-content\/uploads\/2022\/11\/fotele-1-300x104.png 300w, http:\/\/lovsit.pl\/wp-content\/uploads\/2022\/11\/fotele-1-1024x353.png 1024w, http:\/\/lovsit.pl\/wp-content\/uploads\/2022\/11\/fotele-1-768x265.png 768w, http:\/\/lovsit.pl\/wp-content\/uploads\/2022\/11\/fotele-1-1536x530.png 1536w, http:\/\/lovsit.pl\/wp-content\/uploads\/2022\/11\/fotele-1-2048x707.png 2048w\" sizes=\"auto, (max-width: 2880px) 100vw, 2880px\" \/><\/figure>\n\n\n\n<div style=\"height:50px\" aria-hidden=\"true\" class=\"wp-block-spacer\"><\/div>\n\n\n\n<div class=\"wp-block-columns container is-layout-flex wp-container-core-columns-is-layout-9d6595d7 wp-block-columns-is-layout-flex\">\n<div class=\"wp-block-column border is-layout-flow wp-block-column-is-layout-flow\" style=\"flex-basis:203px\">\n<p class=\"has-text-align-center\"><a href=\"http:\/\/lovsit.pl\/index.php\/narozniki-new\"><strong>NARO\u017bNIKI<\/strong><\/a><\/p>\n<\/div>\n\n\n\n<div class=\"wp-block-column border is-layout-flow wp-block-column-is-layout-flow\" style=\"flex-basis:203px\">\n<p class=\"has-text-align-center\"><strong><a href=\"http:\/\/lovsit.pl\/index.php\/sofy-new\">SOFY<\/a><\/strong><\/p>\n<\/div>\n\n\n\n<div class=\"wp-block-column border is-layout-flow wp-block-column-is-layout-flow\" style=\"flex-basis:203px\">\n<p class=\"has-text-align-center\"><strong><a href=\"http:\/\/lovsit.pl\/index.php\/fotele-new\">FOTELE<\/a><\/strong><\/p>\n<\/div>\n<\/div>\n\n\n\n<div style=\"height:50px\" aria-hidden=\"true\" class=\"wp-block-spacer\"><\/div>\n\n\n\n<div class=\"wp-block-columns container is-layout-flex wp-container-core-columns-is-layout-9d6595d7 wp-block-columns-is-layout-flex\">\n<div class=\"wp-block-column container is-layout-flow wp-block-column-is-layout-flow\">\n<div class=\"wp-block-columns is-layout-flex wp-container-core-columns-is-layout-9d6595d7 wp-block-columns-is-layout-flex\">\n<div class=\"wp-block-column is-layout-flow wp-block-column-is-layout-flow\">\n<figure class=\"wp-block-image size-full\"><a href=\"http:\/\/lovsit.pl\/index.php\/mula-obrotowa\/\"><img loading=\"lazy\" decoding=\"async\" width=\"790\" height=\"584\" src=\"http:\/\/lovsit.pl\/wp-content\/uploads\/2022\/11\/MULA1.png\" alt=\"\" class=\"wp-image-683\" srcset=\"http:\/\/lovsit.pl\/wp-content\/uploads\/2022\/11\/MULA1.png 790w, http:\/\/lovsit.pl\/wp-content\/uploads\/2022\/11\/MULA1-300x222.png 300w, http:\/\/lovsit.pl\/wp-content\/uploads\/2022\/11\/MULA1-768x568.png 768w\" sizes=\"auto, (max-width: 790px) 100vw, 790px\" \/><\/a><\/figure>\n\n\n\n<div class=\"wp-block-columns is-layout-flex wp-container-core-columns-is-layout-9d6595d7 wp-block-columns-is-layout-flex\">\n<div class=\"wp-block-column is-layout-flow wp-block-column-is-layout-flow\">\n<p><strong>Fotel Mula z mechanizmem obrotowym<\/strong><\/p>\n<\/div>\n\n\n\n<div class=\"wp-block-column is-layout-flow wp-block-column-is-layout-flow\" style=\"flex-basis:3vw\">\n<p class=\"has-text-align-right\"><strong>2091 z\u0142<\/strong><\/p>\n<\/div>\n<\/div>\n\n\n\n<p class=\"mt-1\">wys.siedziska 44, g\u0142.siedziska 54<\/p>\n<\/div>\n\n\n\n<div class=\"wp-block-column is-layout-flow wp-block-column-is-layout-flow\" style=\"flex-basis:2vw\"><\/div>\n\n\n\n<div class=\"wp-block-column is-layout-flow wp-block-column-is-layout-flow\">\n<figure class=\"wp-block-image size-full\"><a href=\"http:\/\/lovsit.pl\/index.php\/mula\/\"><img loading=\"lazy\" decoding=\"async\" width=\"790\" height=\"584\" src=\"http:\/\/lovsit.pl\/wp-content\/uploads\/2022\/11\/MULA2.png\" alt=\"\" class=\"wp-image-684\" srcset=\"http:\/\/lovsit.pl\/wp-content\/uploads\/2022\/11\/MULA2.png 790w, http:\/\/lovsit.pl\/wp-content\/uploads\/2022\/11\/MULA2-300x222.png 300w, http:\/\/lovsit.pl\/wp-content\/uploads\/2022\/11\/MULA2-768x568.png 768w\" sizes=\"auto, (max-width: 790px) 100vw, 790px\" \/><\/a><\/figure>\n\n\n\n<div class=\"wp-block-columns is-layout-flex wp-container-core-columns-is-layout-9d6595d7 wp-block-columns-is-layout-flex\">\n<div class=\"wp-block-column is-layout-flow wp-block-column-is-layout-flow\">\n<p><strong>Fotel Mula<\/strong><\/p>\n<\/div>\n\n\n\n<div class=\"wp-block-column is-layout-flow wp-block-column-is-layout-flow\" style=\"flex-basis:3vw\">\n<p class=\"has-text-align-right\"><strong>1210 z\u0142<\/strong><\/p>\n<\/div>\n<\/div>\n\n\n\n<p class=\"mt-1\">wys.siedziska 44, g\u0142.siedziska 54, noga drewniana<\/p>\n<\/div>\n\n\n\n<div class=\"wp-block-column is-layout-flow wp-block-column-is-layout-flow\" style=\"flex-basis:2vw\"><\/div>\n\n\n\n<div class=\"wp-block-column is-layout-flow wp-block-column-is-layout-flow\">\n<figure class=\"wp-block-image size-full\"><a href=\"http:\/\/lovsit.pl\/index.php\/modern\/\"><img loading=\"lazy\" decoding=\"async\" width=\"790\" height=\"584\" src=\"http:\/\/lovsit.pl\/wp-content\/uploads\/2022\/11\/MODERN.png\" alt=\"\" class=\"wp-image-685\" srcset=\"http:\/\/lovsit.pl\/wp-content\/uploads\/2022\/11\/MODERN.png 790w, http:\/\/lovsit.pl\/wp-content\/uploads\/2022\/11\/MODERN-300x222.png 300w, http:\/\/lovsit.pl\/wp-content\/uploads\/2022\/11\/MODERN-768x568.png 768w\" sizes=\"auto, (max-width: 790px) 100vw, 790px\" \/><\/a><\/figure>\n\n\n\n<div class=\"wp-block-columns is-layout-flex wp-container-core-columns-is-layout-9d6595d7 wp-block-columns-is-layout-flex\">\n<div class=\"wp-block-column is-layout-flow wp-block-column-is-layout-flow\">\n<p><strong>Fotel Modern<\/strong><\/p>\n<\/div>\n\n\n\n<div class=\"wp-block-column is-layout-flow wp-block-column-is-layout-flow\" style=\"flex-basis:3vw\">\n<p class=\"has-text-align-right\"><strong>1616 z\u0142<\/strong><\/p>\n<\/div>\n<\/div>\n\n\n\n<p class=\"mt-1\">wys.siedziska 48, g\u0142.siedziska 57, pianka wysokoelastyczna<\/p>\n<\/div>\n<\/div>\n<\/div>\n<\/div>\n\n\n\n<div style=\"height:30px\" aria-hidden=\"true\" class=\"wp-block-spacer\"><\/div>\n\n\n\n<div class=\"wp-block-columns container is-layout-flex wp-container-core-columns-is-layout-9d6595d7 wp-block-columns-is-layout-flex\">\n<div class=\"wp-block-column is-layout-flow wp-block-column-is-layout-flow\">\n<h1 class=\"wp-block-heading\">Kolekcje<\/h1>\n\n\n\n<div class=\"wp-block-columns is-layout-flex wp-container-core-columns-is-layout-9d6595d7 wp-block-columns-is-layout-flex\">\n<div class=\"wp-block-column is-layout-flow wp-block-column-is-layout-flow\">\n<figure class=\"wp-block-image size-full\"><a href=\"http:\/\/lovsit.pl\/index.php\/sofy-new\"><img loading=\"lazy\" decoding=\"async\" width=\"790\" height=\"586\" src=\"http:\/\/lovsit.pl\/wp-content\/uploads\/2022\/12\/sofas@2x.png\" alt=\"\" class=\"wp-image-1201\" srcset=\"http:\/\/lovsit.pl\/wp-content\/uploads\/2022\/12\/sofas@2x.png 790w, http:\/\/lovsit.pl\/wp-content\/uploads\/2022\/12\/sofas@2x-300x223.png 300w, http:\/\/lovsit.pl\/wp-content\/uploads\/2022\/12\/sofas@2x-768x570.png 768w\" sizes=\"auto, (max-width: 790px) 100vw, 790px\" \/><\/a><\/figure>\n\n\n\n<p>Sofy<\/p>\n<\/div>\n\n\n\n<div class=\"wp-block-column is-layout-flow wp-block-column-is-layout-flow\" style=\"flex-basis:2vw\"><\/div>\n\n\n\n<div class=\"wp-block-column is-layout-flow wp-block-column-is-layout-flow\">\n<figure class=\"wp-block-image size-full\"><a href=\"http:\/\/lovsit.pl\/index.php\/narozniki-new\"><img loading=\"lazy\" decoding=\"async\" width=\"790\" height=\"584\" src=\"http:\/\/lovsit.pl\/wp-content\/uploads\/2022\/11\/photo@2x.png\" alt=\"\" class=\"wp-image-603\" srcset=\"http:\/\/lovsit.pl\/wp-content\/uploads\/2022\/11\/photo@2x.png 790w, http:\/\/lovsit.pl\/wp-content\/uploads\/2022\/11\/photo@2x-300x222.png 300w, http:\/\/lovsit.pl\/wp-content\/uploads\/2022\/11\/photo@2x-768x568.png 768w\" sizes=\"auto, (max-width: 790px) 100vw, 790px\" \/><\/a><\/figure>\n\n\n\n<p>Naro\u017cniki<\/p>\n<\/div>\n\n\n\n<div class=\"wp-block-column is-layout-flow wp-block-column-is-layout-flow\" style=\"flex-basis:2vw\"><\/div>\n\n\n\n<div class=\"wp-block-column is-layout-flow wp-block-column-is-layout-flow\">\n<figure class=\"wp-block-image size-full\"><a href=\"http:\/\/lovsit.pl\/index.php\/fotele-new\"><img loading=\"lazy\" decoding=\"async\" width=\"790\" height=\"586\" src=\"http:\/\/lovsit.pl\/wp-content\/uploads\/2022\/11\/mula@2x.png\" alt=\"\" class=\"wp-image-605\" srcset=\"http:\/\/lovsit.pl\/wp-content\/uploads\/2022\/11\/mula@2x.png 790w, http:\/\/lovsit.pl\/wp-content\/uploads\/2022\/11\/mula@2x-300x223.png 300w, http:\/\/lovsit.pl\/wp-content\/uploads\/2022\/11\/mula@2x-768x570.png 768w\" sizes=\"auto, (max-width: 790px) 100vw, 790px\" \/><\/a><\/figure>\n\n\n\n<p>Fotele<\/p>\n<\/div>\n<\/div>\n\n\n\n<div style=\"height:50px\" aria-hidden=\"true\" class=\"wp-block-spacer\"><\/div>\n<\/div>\n<\/div>\n\n\n\n<div class=\"wp-block-columns m-0 has-background is-layout-flex wp-container-core-columns-is-layout-9d6595d7 wp-block-columns-is-layout-flex\" style=\"background-color:#f6f6f6\">\n<div class=\"wp-block-column container is-layout-flow wp-block-column-is-layout-flow\">\n<div style=\"height:50px\" aria-hidden=\"true\" class=\"wp-block-spacer\"><\/div>\n\n\n\n<div class=\"wp-block-columns container is-layout-flex wp-container-core-columns-is-layout-9d6595d7 wp-block-columns-is-layout-flex\">\n<div class=\"wp-block-column is-vertically-aligned-center is-layout-flow wp-block-column-is-layout-flow\">\n<figure class=\"wp-block-image size-full is-resized\"><img loading=\"lazy\" decoding=\"async\" src=\"http:\/\/lovsit.pl\/wp-content\/uploads\/2022\/11\/lovsit-logo.png\" alt=\"\" class=\"wp-image-703\" width=\"119\" height=\"58\"\/><\/figure>\n<\/div>\n\n\n\n<div class=\"wp-block-column is-layout-flow wp-block-column-is-layout-flow\">\n<h2 class=\"wp-block-heading\" id=\"kontakt\">WAJNERT MEBLE sp. z o. o.<\/h2>\n\n\n\n<p>ul. Kolejowa 67 PL 56-513 Mi\u0119dzyb\u00f3rz<\/p>\n<\/div>\n\n\n\n<div class=\"wp-block-column is-layout-flow wp-block-column-is-layout-flow\">\n<h2 class=\"wp-block-heading\">Jeste\u015bmy tu dla Ciebie, skontaktuj si\u0119 z nami<\/h2>\n\n\n\n<p>E: bok@wajnert.pl T: +48 62 59 96 740<\/p>\n<\/div>\n<\/div>\n\n\n\n<div style=\"height:50px\" aria-hidden=\"true\" class=\"wp-block-spacer\"><\/div>\n<\/div>\n<\/div>\n","protected":false},"excerpt":{"rendered":"<p>NARO\u017bNIKI SOFY FOTELE Fotel Mula z mechanizmem obrotowym 2091 z\u0142 wys.siedziska 44, g\u0142.siedziska 54 Fotel Mula 1210 z\u0142 wys.siedziska 44, g\u0142.siedziska 54, noga drewniana Fotel Modern 1616 z\u0142 wys.siedziska 48, g\u0142.siedziska 57, pianka wysokoelastyczna Kolekcje Sofy Naro\u017cniki Fotele WAJNERT MEBLE sp. z o. o. ul. Kolejowa 67 PL 56-513 Mi\u0119dzyb\u00f3rz Jeste\u015bmy tu dla Ciebie, skontaktuj [&hellip;]<\/p>\n","protected":false},"author":1,"featured_media":0,"parent":0,"menu_order":0,"comment_status":"closed","ping_status":"closed","template":"","meta":{"footnotes":""},"class_list":["post-679","page","type-page","status-publish","hentry"],"_links":{"self":[{"href":"http:\/\/lovsit.pl\/index.php\/wp-json\/wp\/v2\/pages\/679","targetHints":{"allow":["GET"]}}],"collection":[{"href":"http:\/\/lovsit.pl\/index.php\/wp-json\/wp\/v2\/pages"}],"about":[{"href":"http:\/\/lovsit.pl\/index.php\/wp-json\/wp\/v2\/types\/page"}],"author":[{"embeddable":true,"href":"http:\/\/lovsit.pl\/index.php\/wp-json\/wp\/v2\/users\/1"}],"replies":[{"embeddable":true,"href":"http:\/\/lovsit.pl\/index.php\/wp-json\/wp\/v2\/comments?post=679"}],"version-history":[{"count":20,"href":"http:\/\/lovsit.pl\/index.php\/wp-json\/wp\/v2\/pages\/679\/revisions"}],"predecessor-version":[{"id":1202,"href":"http:\/\/lovsit.pl\/index.php\/wp-json\/wp\/v2\/pages\/679\/revisions\/1202"}],"wp:attachment":[{"href":"http:\/\/lovsit.pl\/index.php\/wp-json\/wp\/v2\/media?parent=679"}],"curies":[{"name":"wp","href":"https:\/\/api.w.org\/{rel}","templated":true}]}}