{"id":629,"date":"2022-11-18T12:27:33","date_gmt":"2022-11-18T11:27:33","guid":{"rendered":"http:\/\/lovsit.pl\/?page_id=629"},"modified":"2022-12-19T16:07:04","modified_gmt":"2022-12-19T15:07:04","slug":"narozniki-new","status":"publish","type":"page","link":"http:\/\/lovsit.pl\/index.php\/narozniki-new\/","title":{"rendered":"NARO\u017bNIKI NEW"},"content":{"rendered":"\n<figure class=\"wp-block-image size-full m-0\"><img loading=\"lazy\" decoding=\"async\" width=\"2880\" height=\"994\" src=\"http:\/\/lovsit.pl\/wp-content\/uploads\/2022\/11\/naroznikix-2@2x.png\" alt=\"\" class=\"wp-image-956\" srcset=\"http:\/\/lovsit.pl\/wp-content\/uploads\/2022\/11\/naroznikix-2@2x.png 2880w, http:\/\/lovsit.pl\/wp-content\/uploads\/2022\/11\/naroznikix-2@2x-300x104.png 300w, http:\/\/lovsit.pl\/wp-content\/uploads\/2022\/11\/naroznikix-2@2x-1024x353.png 1024w, http:\/\/lovsit.pl\/wp-content\/uploads\/2022\/11\/naroznikix-2@2x-768x265.png 768w, http:\/\/lovsit.pl\/wp-content\/uploads\/2022\/11\/naroznikix-2@2x-1536x530.png 1536w, http:\/\/lovsit.pl\/wp-content\/uploads\/2022\/11\/naroznikix-2@2x-2048x707.png 2048w\" sizes=\"auto, (max-width: 2880px) 100vw, 2880px\" \/><\/figure>\n\n\n\n<div style=\"height:50px\" aria-hidden=\"true\" class=\"wp-block-spacer\"><\/div>\n\n\n\n<div class=\"wp-block-columns container is-layout-flex wp-container-core-columns-is-layout-9d6595d7 wp-block-columns-is-layout-flex\">\n<div class=\"wp-block-column border is-layout-flow wp-block-column-is-layout-flow\" style=\"flex-basis:203px\">\n<p class=\"has-text-align-center\"><a href=\"http:\/\/lovsit.pl\/index.php\/narozniki-new\"><strong>NARO\u017bNIKI<\/strong><\/a><\/p>\n<\/div>\n\n\n\n<div class=\"wp-block-column border is-layout-flow wp-block-column-is-layout-flow\" style=\"flex-basis:203px\">\n<p class=\"has-text-align-center\"><strong><a href=\"http:\/\/lovsit.pl\/index.php\/sofy-new\">SOFY<\/a><\/strong><\/p>\n<\/div>\n\n\n\n<div class=\"wp-block-column border is-layout-flow wp-block-column-is-layout-flow\" style=\"flex-basis:203px\">\n<p class=\"has-text-align-center\"><strong><a href=\"http:\/\/lovsit.pl\/index.php\/fotele-new\">FOTELE<\/a><\/strong><\/p>\n<\/div>\n<\/div>\n\n\n\n<div style=\"height:50px\" aria-hidden=\"true\" class=\"wp-block-spacer\"><\/div>\n\n\n\n<div class=\"wp-block-columns container is-layout-flex wp-container-core-columns-is-layout-9d6595d7 wp-block-columns-is-layout-flex\">\n<div class=\"wp-block-column is-layout-flow wp-block-column-is-layout-flow\">\n<div class=\"wp-block-columns is-layout-flex wp-container-core-columns-is-layout-9d6595d7 wp-block-columns-is-layout-flex\">\n<div class=\"wp-block-column is-layout-flow wp-block-column-is-layout-flow\">\n<figure class=\"wp-block-image size-full\"><a href=\"http:\/\/lovsit.pl\/index.php\/mika-naroznik\/\"><img loading=\"lazy\" decoding=\"async\" width=\"790\" height=\"584\" src=\"http:\/\/lovsit.pl\/wp-content\/uploads\/2022\/11\/MIKA-1.png\" alt=\"\" class=\"wp-image-663\" srcset=\"http:\/\/lovsit.pl\/wp-content\/uploads\/2022\/11\/MIKA-1.png 790w, http:\/\/lovsit.pl\/wp-content\/uploads\/2022\/11\/MIKA-1-300x222.png 300w, http:\/\/lovsit.pl\/wp-content\/uploads\/2022\/11\/MIKA-1-768x568.png 768w\" sizes=\"auto, (max-width: 790px) 100vw, 790px\" \/><\/a><\/figure>\n\n\n\n<div class=\"wp-block-columns is-layout-flex wp-container-core-columns-is-layout-9d6595d7 wp-block-columns-is-layout-flex\">\n<div class=\"wp-block-column is-layout-flow wp-block-column-is-layout-flow\">\n<p><strong>Naro\u017cnik Mika z pojemnikiem<\/strong><\/p>\n<\/div>\n\n\n\n<div class=\"wp-block-column is-layout-flow wp-block-column-is-layout-flow\" style=\"flex-basis:3vw\">\n<p class=\"has-text-align-right\"><strong>5240 z\u0142<\/strong><\/p>\n<\/div>\n<\/div>\n\n\n\n<p class=\"mt-1\">funkcja spania 3DL, spr\u0119\u017cyna falista, pianka wysokoelastyczna<\/p>\n<\/div>\n\n\n\n<div class=\"wp-block-column is-layout-flow wp-block-column-is-layout-flow\" style=\"flex-basis:2vw\"><\/div>\n\n\n\n<div class=\"wp-block-column is-layout-flow wp-block-column-is-layout-flow\">\n<figure class=\"wp-block-image size-full\"><a href=\"http:\/\/lovsit.pl\/index.php\/haiti\"><img loading=\"lazy\" decoding=\"async\" width=\"790\" height=\"584\" src=\"http:\/\/lovsit.pl\/wp-content\/uploads\/2022\/11\/HAITI.png\" alt=\"\" class=\"wp-image-664\" srcset=\"http:\/\/lovsit.pl\/wp-content\/uploads\/2022\/11\/HAITI.png 790w, http:\/\/lovsit.pl\/wp-content\/uploads\/2022\/11\/HAITI-300x222.png 300w, http:\/\/lovsit.pl\/wp-content\/uploads\/2022\/11\/HAITI-768x568.png 768w\" sizes=\"auto, (max-width: 790px) 100vw, 790px\" \/><\/a><\/figure>\n\n\n\n<div class=\"wp-block-columns is-layout-flex wp-container-core-columns-is-layout-9d6595d7 wp-block-columns-is-layout-flex\">\n<div class=\"wp-block-column is-layout-flow wp-block-column-is-layout-flow\">\n<p><strong>Naro\u017cnik Haiti z pojemnikiem<\/strong><\/p>\n<\/div>\n\n\n\n<div class=\"wp-block-column is-layout-flow wp-block-column-is-layout-flow\" style=\"flex-basis:3vw\">\n<p class=\"has-text-align-right\"><strong>4518 z\u0142<\/strong><\/p>\n<\/div>\n<\/div>\n\n\n\n<p class=\"mt-1\">funkcja spania leopard, spr\u0119\u017cyna falista, noga drewniania<\/p>\n<\/div>\n\n\n\n<div class=\"wp-block-column is-layout-flow wp-block-column-is-layout-flow\" style=\"flex-basis:2vw\"><\/div>\n\n\n\n<div class=\"wp-block-column is-layout-flow wp-block-column-is-layout-flow\">\n<figure class=\"wp-block-image size-full\"><a href=\"lovsit.pl\/index.php\/evan\"><img loading=\"lazy\" decoding=\"async\" width=\"790\" height=\"584\" src=\"http:\/\/lovsit.pl\/wp-content\/uploads\/2022\/11\/EVAN.png\" alt=\"\" class=\"wp-image-665\" srcset=\"http:\/\/lovsit.pl\/wp-content\/uploads\/2022\/11\/EVAN.png 790w, http:\/\/lovsit.pl\/wp-content\/uploads\/2022\/11\/EVAN-300x222.png 300w, http:\/\/lovsit.pl\/wp-content\/uploads\/2022\/11\/EVAN-768x568.png 768w\" sizes=\"auto, (max-width: 790px) 100vw, 790px\" \/><\/a><\/figure>\n\n\n\n<div class=\"wp-block-columns is-layout-flex wp-container-core-columns-is-layout-9d6595d7 wp-block-columns-is-layout-flex\">\n<div class=\"wp-block-column is-layout-flow wp-block-column-is-layout-flow\">\n<p><strong>Naro\u017cnik Evan z pojemnikiem<\/strong><\/p>\n<\/div>\n\n\n\n<div class=\"wp-block-column is-layout-flow wp-block-column-is-layout-flow\" style=\"flex-basis:3vw\">\n<p class=\"has-text-align-right\"><strong>4433 z\u0142<\/strong><\/p>\n<\/div>\n<\/div>\n\n\n\n<p class=\"mt-1\">funkcja spania delfin, spr\u0119\u017cyna falista, ruchomy zag\u0142\u00f3wek<\/p>\n<\/div>\n<\/div>\n\n\n\n<div style=\"height:50px\" aria-hidden=\"true\" class=\"wp-block-spacer\"><\/div>\n\n\n\n<div class=\"wp-block-columns is-layout-flex wp-container-core-columns-is-layout-9d6595d7 wp-block-columns-is-layout-flex\">\n<div class=\"wp-block-column is-layout-flow wp-block-column-is-layout-flow\">\n<figure class=\"wp-block-image size-full\"><a href=\"http:\/\/lovsit.pl\/index.php\/madison\/\"><img loading=\"lazy\" decoding=\"async\" width=\"790\" height=\"584\" src=\"http:\/\/lovsit.pl\/wp-content\/uploads\/2022\/11\/MADISON.png\" alt=\"\" class=\"wp-image-666\" srcset=\"http:\/\/lovsit.pl\/wp-content\/uploads\/2022\/11\/MADISON.png 790w, http:\/\/lovsit.pl\/wp-content\/uploads\/2022\/11\/MADISON-300x222.png 300w, http:\/\/lovsit.pl\/wp-content\/uploads\/2022\/11\/MADISON-768x568.png 768w\" sizes=\"auto, (max-width: 790px) 100vw, 790px\" \/><\/a><\/figure>\n\n\n\n<div class=\"wp-block-columns is-layout-flex wp-container-core-columns-is-layout-9d6595d7 wp-block-columns-is-layout-flex\">\n<div class=\"wp-block-column is-layout-flow wp-block-column-is-layout-flow\">\n<p><strong>Naro\u017cnik Madison z pojemnikiem<\/strong><\/p>\n<\/div>\n\n\n\n<div class=\"wp-block-column is-layout-flow wp-block-column-is-layout-flow\" style=\"flex-basis:3vw\">\n<p class=\"has-text-align-right\"><strong>5312 z\u0142<\/strong><\/p>\n<\/div>\n<\/div>\n\n\n\n<p class=\"mt-1\">funkcja spania delfin, spr\u0119\u017cyna falista, ruchomy zag\u0142\u00f3wek<\/p>\n<\/div>\n\n\n\n<div class=\"wp-block-column is-layout-flow wp-block-column-is-layout-flow\" style=\"flex-basis:2vw\"><\/div>\n\n\n\n<div class=\"wp-block-column is-layout-flow wp-block-column-is-layout-flow\">\n<figure class=\"wp-block-image size-full\"><a href=\"http:\/\/lovsit.pl\/index.php\/lugo\/\"><img loading=\"lazy\" decoding=\"async\" width=\"790\" height=\"584\" src=\"http:\/\/lovsit.pl\/wp-content\/uploads\/2022\/11\/LUGO.png\" alt=\"\" class=\"wp-image-667\" srcset=\"http:\/\/lovsit.pl\/wp-content\/uploads\/2022\/11\/LUGO.png 790w, http:\/\/lovsit.pl\/wp-content\/uploads\/2022\/11\/LUGO-300x222.png 300w, http:\/\/lovsit.pl\/wp-content\/uploads\/2022\/11\/LUGO-768x568.png 768w\" sizes=\"auto, (max-width: 790px) 100vw, 790px\" \/><\/a><\/figure>\n\n\n\n<div class=\"wp-block-columns is-layout-flex wp-container-core-columns-is-layout-9d6595d7 wp-block-columns-is-layout-flex\">\n<div class=\"wp-block-column is-layout-flow wp-block-column-is-layout-flow\">\n<p><strong>Naro\u017cnik Lugo z pojemnikiem<\/strong><\/p>\n<\/div>\n\n\n\n<div class=\"wp-block-column is-layout-flow wp-block-column-is-layout-flow\" style=\"flex-basis:3vw\">\n<p class=\"has-text-align-right\"><strong>4392 z\u0142<\/strong><\/p>\n<\/div>\n<\/div>\n\n\n\n<p class=\"mt-1\">funkcja spania delfin, ruchomy zag\u0142\u00f3wek, spr\u0119\u017cyna falista<\/p>\n<\/div>\n\n\n\n<div class=\"wp-block-column is-layout-flow wp-block-column-is-layout-flow\" style=\"flex-basis:2vw\"><\/div>\n\n\n\n<div class=\"wp-block-column is-layout-flow wp-block-column-is-layout-flow\">\n<figure class=\"wp-block-image size-full\"><a href=\"http:\/\/lovsit.pl\/index.php\/swan\/\"><img loading=\"lazy\" decoding=\"async\" width=\"790\" height=\"584\" src=\"http:\/\/lovsit.pl\/wp-content\/uploads\/2022\/11\/SWAN.png\" alt=\"\" class=\"wp-image-668\" srcset=\"http:\/\/lovsit.pl\/wp-content\/uploads\/2022\/11\/SWAN.png 790w, http:\/\/lovsit.pl\/wp-content\/uploads\/2022\/11\/SWAN-300x222.png 300w, http:\/\/lovsit.pl\/wp-content\/uploads\/2022\/11\/SWAN-768x568.png 768w\" sizes=\"auto, (max-width: 790px) 100vw, 790px\" \/><\/a><\/figure>\n\n\n\n<div class=\"wp-block-columns is-layout-flex wp-container-core-columns-is-layout-9d6595d7 wp-block-columns-is-layout-flex\">\n<div class=\"wp-block-column is-layout-flow wp-block-column-is-layout-flow\">\n<p><strong>Naro\u017cnik Swan z pojemnikiem<\/strong><\/p>\n<\/div>\n\n\n\n<div class=\"wp-block-column is-layout-flow wp-block-column-is-layout-flow\" style=\"flex-basis:3vw\">\n<p class=\"has-text-align-right\"><strong>5133 z\u0142<\/strong><\/p>\n<\/div>\n<\/div>\n\n\n\n<p class=\"mt-1\">funkcja spania delfin, ruchomy zag\u0142\u00f3wek, spr\u0119\u017cyna falista<\/p>\n<\/div>\n<\/div>\n\n\n\n<div style=\"height:50px\" aria-hidden=\"true\" class=\"wp-block-spacer\"><\/div>\n\n\n\n<div class=\"wp-block-columns is-layout-flex wp-container-core-columns-is-layout-9d6595d7 wp-block-columns-is-layout-flex\">\n<div class=\"wp-block-column is-layout-flow wp-block-column-is-layout-flow\">\n<figure class=\"wp-block-image size-full\"><a href=\"http:\/\/lovsit.pl\/index.php\/salsa\"><img loading=\"lazy\" decoding=\"async\" width=\"790\" height=\"584\" src=\"http:\/\/lovsit.pl\/wp-content\/uploads\/2022\/11\/SALSA.png\" alt=\"\" class=\"wp-image-669\" srcset=\"http:\/\/lovsit.pl\/wp-content\/uploads\/2022\/11\/SALSA.png 790w, http:\/\/lovsit.pl\/wp-content\/uploads\/2022\/11\/SALSA-300x222.png 300w, http:\/\/lovsit.pl\/wp-content\/uploads\/2022\/11\/SALSA-768x568.png 768w\" sizes=\"auto, (max-width: 790px) 100vw, 790px\" \/><\/a><\/figure>\n\n\n\n<div class=\"wp-block-columns is-layout-flex wp-container-core-columns-is-layout-9d6595d7 wp-block-columns-is-layout-flex\">\n<div class=\"wp-block-column is-layout-flow wp-block-column-is-layout-flow\">\n<p><strong>Naro\u017cnik Salsa z pojemnikiem<\/strong><\/p>\n<\/div>\n\n\n\n<div class=\"wp-block-column is-layout-flow wp-block-column-is-layout-flow\" style=\"flex-basis:3vw\">\n<p class=\"has-text-align-right\"><strong>5038 z\u0142<\/strong><\/p>\n<\/div>\n<\/div>\n\n\n\n<p class=\"mt-1\">funkcja spania delfin, ruchomy zag\u0142\u00f3wek, spr\u0119\u017cyna falista<\/p>\n<\/div>\n\n\n\n<div class=\"wp-block-column is-layout-flow wp-block-column-is-layout-flow\" style=\"flex-basis:2vw\"><\/div>\n\n\n\n<div class=\"wp-block-column is-layout-flow wp-block-column-is-layout-flow\">\n<figure class=\"wp-block-image size-full\"><a href=\"http:\/\/lovsit.pl\/index.php\/napp\/\"><img loading=\"lazy\" decoding=\"async\" width=\"790\" height=\"584\" src=\"http:\/\/lovsit.pl\/wp-content\/uploads\/2022\/11\/NAPP.png\" alt=\"\" class=\"wp-image-670\" srcset=\"http:\/\/lovsit.pl\/wp-content\/uploads\/2022\/11\/NAPP.png 790w, http:\/\/lovsit.pl\/wp-content\/uploads\/2022\/11\/NAPP-300x222.png 300w, http:\/\/lovsit.pl\/wp-content\/uploads\/2022\/11\/NAPP-768x568.png 768w\" sizes=\"auto, (max-width: 790px) 100vw, 790px\" \/><\/a><\/figure>\n\n\n\n<div class=\"wp-block-columns is-layout-flex wp-container-core-columns-is-layout-9d6595d7 wp-block-columns-is-layout-flex\">\n<div class=\"wp-block-column is-layout-flow wp-block-column-is-layout-flow\">\n<p><strong>Naro\u017cnik Napp z pojemnikiem<\/strong><\/p>\n<\/div>\n\n\n\n<div class=\"wp-block-column is-layout-flow wp-block-column-is-layout-flow\" style=\"flex-basis:3vw\">\n<p class=\"has-text-align-right\"><strong>5296 z\u0142<\/strong><\/p>\n<\/div>\n<\/div>\n\n\n\n<p class=\"mt-1\">funkcja spania leopard, spr\u0119\u017cyna falista<\/p>\n<\/div>\n\n\n\n<div class=\"wp-block-column is-layout-flow wp-block-column-is-layout-flow\" style=\"flex-basis:2vw\"><\/div>\n\n\n\n<div class=\"wp-block-column is-layout-flow wp-block-column-is-layout-flow\">\n<figure class=\"wp-block-image size-full\"><a href=\"http:\/\/lovsit.pl\/index.php\/focus\/\"><img loading=\"lazy\" decoding=\"async\" width=\"790\" height=\"584\" src=\"http:\/\/lovsit.pl\/wp-content\/uploads\/2022\/11\/FOCUS.png\" alt=\"\" class=\"wp-image-671\" srcset=\"http:\/\/lovsit.pl\/wp-content\/uploads\/2022\/11\/FOCUS.png 790w, http:\/\/lovsit.pl\/wp-content\/uploads\/2022\/11\/FOCUS-300x222.png 300w, http:\/\/lovsit.pl\/wp-content\/uploads\/2022\/11\/FOCUS-768x568.png 768w\" sizes=\"auto, (max-width: 790px) 100vw, 790px\" \/><\/a><\/figure>\n\n\n\n<div class=\"wp-block-columns is-layout-flex wp-container-core-columns-is-layout-9d6595d7 wp-block-columns-is-layout-flex\">\n<div class=\"wp-block-column is-layout-flow wp-block-column-is-layout-flow\">\n<p><strong>Naro\u017cnik Focus z pojemnikiem<\/strong><\/p>\n<\/div>\n\n\n\n<div class=\"wp-block-column is-layout-flow wp-block-column-is-layout-flow\" style=\"flex-basis:3vw\">\n<p class=\"has-text-align-right\"><strong>4386 z\u0142<\/strong><\/p>\n<\/div>\n<\/div>\n\n\n\n<p class=\"mt-1\">funkcja spania delfin, ruchomy zag\u0142\u00f3wek, spr\u0119\u017cyna falista<\/p>\n<\/div>\n<\/div>\n\n\n\n<div style=\"height:50px\" aria-hidden=\"true\" class=\"wp-block-spacer\"><\/div>\n\n\n\n<div class=\"wp-block-columns is-layout-flex wp-container-core-columns-is-layout-9d6595d7 wp-block-columns-is-layout-flex\">\n<div class=\"wp-block-column is-layout-flow wp-block-column-is-layout-flow\">\n<figure class=\"wp-block-image size-full\"><a href=\"http:\/\/lovsit.pl\/index.php\/tesla\"><img loading=\"lazy\" decoding=\"async\" width=\"840\" height=\"584\" src=\"http:\/\/lovsit.pl\/wp-content\/uploads\/2022\/11\/TESLA.png\" alt=\"\" class=\"wp-image-672\" srcset=\"http:\/\/lovsit.pl\/wp-content\/uploads\/2022\/11\/TESLA.png 840w, http:\/\/lovsit.pl\/wp-content\/uploads\/2022\/11\/TESLA-300x209.png 300w, http:\/\/lovsit.pl\/wp-content\/uploads\/2022\/11\/TESLA-768x534.png 768w\" sizes=\"auto, (max-width: 840px) 100vw, 840px\" \/><\/a><\/figure>\n\n\n\n<div class=\"wp-block-columns is-layout-flex wp-container-core-columns-is-layout-9d6595d7 wp-block-columns-is-layout-flex\">\n<div class=\"wp-block-column is-layout-flow wp-block-column-is-layout-flow\">\n<p><strong>Kolekcja modu\u0142owa Tesla<\/strong><\/p>\n<\/div>\n\n\n\n<div class=\"wp-block-column is-layout-flow wp-block-column-is-layout-flow\" style=\"flex-basis:3vw\">\n<p class=\"has-text-align-right\"><strong>7615 z\u0142<\/strong><\/p>\n<\/div>\n<\/div>\n\n\n\n<p class=\"mt-1\">funkcja spania delfin, ruchomy zag\u0142\u00f3wek, spr\u0119\u017cyna falista<\/p>\n<\/div>\n\n\n\n<div class=\"wp-block-column is-layout-flow wp-block-column-is-layout-flow\" style=\"flex-basis:2vw\"><\/div>\n\n\n\n<div class=\"wp-block-column is-layout-flow wp-block-column-is-layout-flow\"><\/div>\n\n\n\n<div class=\"wp-block-column is-layout-flow wp-block-column-is-layout-flow\" style=\"flex-basis:2vw\"><\/div>\n\n\n\n<div class=\"wp-block-column is-layout-flow wp-block-column-is-layout-flow\"><\/div>\n<\/div>\n<\/div>\n<\/div>\n\n\n\n<div style=\"height:30px\" aria-hidden=\"true\" class=\"wp-block-spacer\"><\/div>\n\n\n\n<div class=\"wp-block-columns container is-layout-flex wp-container-core-columns-is-layout-9d6595d7 wp-block-columns-is-layout-flex\">\n<div class=\"wp-block-column is-layout-flow wp-block-column-is-layout-flow\">\n<h1 class=\"wp-block-heading\">Kolekcje<\/h1>\n\n\n\n<div class=\"wp-block-columns is-layout-flex wp-container-core-columns-is-layout-9d6595d7 wp-block-columns-is-layout-flex\">\n<div class=\"wp-block-column is-layout-flow wp-block-column-is-layout-flow\">\n<figure class=\"wp-block-image size-full\"><a href=\"http:\/\/lovsit.pl\/index.php\/sofy-new\"><img loading=\"lazy\" decoding=\"async\" width=\"790\" height=\"586\" src=\"http:\/\/lovsit.pl\/wp-content\/uploads\/2022\/12\/sofas@2x-2.png\" alt=\"\" class=\"wp-image-1205\" srcset=\"http:\/\/lovsit.pl\/wp-content\/uploads\/2022\/12\/sofas@2x-2.png 790w, http:\/\/lovsit.pl\/wp-content\/uploads\/2022\/12\/sofas@2x-2-300x223.png 300w, http:\/\/lovsit.pl\/wp-content\/uploads\/2022\/12\/sofas@2x-2-768x570.png 768w\" sizes=\"auto, (max-width: 790px) 100vw, 790px\" \/><\/a><\/figure>\n\n\n\n<p>Sofy<\/p>\n<\/div>\n\n\n\n<div class=\"wp-block-column is-layout-flow wp-block-column-is-layout-flow\" style=\"flex-basis:2vw\"><\/div>\n\n\n\n<div class=\"wp-block-column is-layout-flow wp-block-column-is-layout-flow\">\n<figure class=\"wp-block-image size-full\"><a href=\"http:\/\/lovsit.pl\/index.php\/narozniki-new\"><img loading=\"lazy\" decoding=\"async\" width=\"790\" height=\"584\" src=\"http:\/\/lovsit.pl\/wp-content\/uploads\/2022\/11\/photo@2x.png\" alt=\"\" class=\"wp-image-603\" srcset=\"http:\/\/lovsit.pl\/wp-content\/uploads\/2022\/11\/photo@2x.png 790w, http:\/\/lovsit.pl\/wp-content\/uploads\/2022\/11\/photo@2x-300x222.png 300w, http:\/\/lovsit.pl\/wp-content\/uploads\/2022\/11\/photo@2x-768x568.png 768w\" sizes=\"auto, (max-width: 790px) 100vw, 790px\" \/><\/a><\/figure>\n\n\n\n<p>Naro\u017cniki<\/p>\n<\/div>\n\n\n\n<div class=\"wp-block-column is-layout-flow wp-block-column-is-layout-flow\" style=\"flex-basis:2vw\"><\/div>\n\n\n\n<div class=\"wp-block-column is-layout-flow wp-block-column-is-layout-flow\">\n<figure class=\"wp-block-image size-full\"><a href=\"http:\/\/lovsit.pl\/index.php\/fotele-new\"><img loading=\"lazy\" decoding=\"async\" width=\"790\" height=\"586\" src=\"http:\/\/lovsit.pl\/wp-content\/uploads\/2022\/11\/mula@2x.png\" alt=\"\" class=\"wp-image-605\" srcset=\"http:\/\/lovsit.pl\/wp-content\/uploads\/2022\/11\/mula@2x.png 790w, http:\/\/lovsit.pl\/wp-content\/uploads\/2022\/11\/mula@2x-300x223.png 300w, http:\/\/lovsit.pl\/wp-content\/uploads\/2022\/11\/mula@2x-768x570.png 768w\" sizes=\"auto, (max-width: 790px) 100vw, 790px\" \/><\/a><\/figure>\n\n\n\n<p>Fotele<\/p>\n<\/div>\n<\/div>\n\n\n\n<div style=\"height:50px\" aria-hidden=\"true\" class=\"wp-block-spacer\"><\/div>\n<\/div>\n<\/div>\n\n\n\n<div class=\"wp-block-columns m-0 has-background is-layout-flex wp-container-core-columns-is-layout-9d6595d7 wp-block-columns-is-layout-flex\" style=\"background-color:#f6f6f6\">\n<div class=\"wp-block-column container is-layout-flow wp-block-column-is-layout-flow\">\n<div style=\"height:50px\" aria-hidden=\"true\" class=\"wp-block-spacer\"><\/div>\n\n\n\n<div class=\"wp-block-columns container is-layout-flex wp-container-core-columns-is-layout-9d6595d7 wp-block-columns-is-layout-flex\">\n<div class=\"wp-block-column is-vertically-aligned-center is-layout-flow wp-block-column-is-layout-flow\">\n<figure class=\"wp-block-image size-full is-resized\"><img loading=\"lazy\" decoding=\"async\" src=\"http:\/\/lovsit.pl\/wp-content\/uploads\/2022\/11\/lovsit-logo.png\" alt=\"\" class=\"wp-image-703\" width=\"119\" height=\"58\"\/><\/figure>\n<\/div>\n\n\n\n<div class=\"wp-block-column is-layout-flow wp-block-column-is-layout-flow\">\n<h2 class=\"wp-block-heading\" id=\"kontakt\">WAJNERT MEBLE sp. z o. o.<\/h2>\n\n\n\n<p>ul. Kolejowa 67 PL 56-513 Mi\u0119dzyb\u00f3rz<\/p>\n<\/div>\n\n\n\n<div class=\"wp-block-column is-layout-flow wp-block-column-is-layout-flow\">\n<h2 class=\"wp-block-heading\">Jeste\u015bmy tu dla Ciebie, skontaktuj si\u0119 z nami<\/h2>\n\n\n\n<p>E: bok@wajnert.pl T: +48 62 59 96 740<\/p>\n<\/div>\n<\/div>\n\n\n\n<div style=\"height:50px\" aria-hidden=\"true\" class=\"wp-block-spacer\"><\/div>\n<\/div>\n<\/div>\n","protected":false},"excerpt":{"rendered":"<p>NARO\u017bNIKI SOFY FOTELE Naro\u017cnik Mika z pojemnikiem 5240 z\u0142 funkcja spania 3DL, spr\u0119\u017cyna falista, pianka wysokoelastyczna Naro\u017cnik Haiti z pojemnikiem 4518 z\u0142 funkcja spania leopard, spr\u0119\u017cyna falista, noga drewniania Naro\u017cnik Evan z pojemnikiem 4433 z\u0142 funkcja spania delfin, spr\u0119\u017cyna falista, ruchomy zag\u0142\u00f3wek Naro\u017cnik Madison z pojemnikiem 5312 z\u0142 funkcja spania delfin, spr\u0119\u017cyna falista, ruchomy zag\u0142\u00f3wek [&hellip;]<\/p>\n","protected":false},"author":1,"featured_media":0,"parent":0,"menu_order":0,"comment_status":"closed","ping_status":"closed","template":"","meta":{"footnotes":""},"class_list":["post-629","page","type-page","status-publish","hentry"],"_links":{"self":[{"href":"http:\/\/lovsit.pl\/index.php\/wp-json\/wp\/v2\/pages\/629","targetHints":{"allow":["GET"]}}],"collection":[{"href":"http:\/\/lovsit.pl\/index.php\/wp-json\/wp\/v2\/pages"}],"about":[{"href":"http:\/\/lovsit.pl\/index.php\/wp-json\/wp\/v2\/types\/page"}],"author":[{"embeddable":true,"href":"http:\/\/lovsit.pl\/index.php\/wp-json\/wp\/v2\/users\/1"}],"replies":[{"embeddable":true,"href":"http:\/\/lovsit.pl\/index.php\/wp-json\/wp\/v2\/comments?post=629"}],"version-history":[{"count":52,"href":"http:\/\/lovsit.pl\/index.php\/wp-json\/wp\/v2\/pages\/629\/revisions"}],"predecessor-version":[{"id":1206,"href":"http:\/\/lovsit.pl\/index.php\/wp-json\/wp\/v2\/pages\/629\/revisions\/1206"}],"wp:attachment":[{"href":"http:\/\/lovsit.pl\/index.php\/wp-json\/wp\/v2\/media?parent=629"}],"curies":[{"name":"wp","href":"https:\/\/api.w.org\/{rel}","templated":true}]}}