{"id":482,"date":"2022-02-15T16:07:14","date_gmt":"2022-02-15T15:07:14","guid":{"rendered":"http:\/\/lovsit.pl\/?page_id=482"},"modified":"2022-11-28T17:24:00","modified_gmt":"2022-11-28T16:24:00","slug":"focus","status":"publish","type":"page","link":"http:\/\/lovsit.pl\/index.php\/focus\/","title":{"rendered":"FOCUS"},"content":{"rendered":"\n<div class=\"wp-block-columns container has-white-background-color has-background is-layout-flex wp-container-core-columns-is-layout-9d6595d7 wp-block-columns-is-layout-flex\">\n<div class=\"wp-block-column is-vertically-aligned-center is-layout-flow wp-block-column-is-layout-flow\">\n<div class=\"wp-block-nextend-smartslider3\"><\/div>\n<\/div>\n\n\n\n<div class=\"wp-block-column is-vertically-aligned-center is-layout-flow wp-block-column-is-layout-flow\" style=\"flex-basis:500px\">\n<h1 class=\"mb-0 spacing wp-block-heading\" id=\"focus\">FOCUS<\/h1>\n\n\n\n<h2 class=\"wp-block-heading\" id=\"od-4260-zl\">od <strong><strong><strong>4 386<\/strong>&nbsp;z\u0142<\/strong><\/strong><\/h2>\n\n\n\n<p>Geometryczna bry\u0142a, wyprofilowana linia&nbsp;opar\u0107 oraz&nbsp;metalowa listwa na boku&nbsp;sprawi, \u017ce naro\u017cnik Focus w salonie&nbsp;to mebel obowi\u0105zkowy, dla wszystkich kt\u00f3rzy ceni\u0105&nbsp;wygod\u0119 funkcjonalno\u015b\u0107. Dzi\u0119ki&nbsp;ruchomym zag\u0142\u00f3wkom&nbsp;oraz&nbsp;funkcji spania&nbsp;b\u0119dzie&nbsp;doskona\u0142ym miejscem do wypoczynku.&nbsp;<\/p>\n\n\n\n<div style=\"height:10px\" aria-hidden=\"true\" class=\"wp-block-spacer\"><\/div>\n\n\n\n<p><strong>Kup w salonach mebli WAJNERT<\/strong>.<\/p>\n\n\n\n<p><a href=\"https:\/\/www.wajnert.pl\/mapa-salonow-2\/\">Lista salon\u00f3w<\/a><\/p>\n<\/div>\n<\/div>\n\n\n\n<div style=\"height:50px\" aria-hidden=\"true\" class=\"wp-block-spacer\"><\/div>\n\n\n\n<div class=\"wp-block-columns container is-layout-flex wp-container-core-columns-is-layout-9d6595d7 wp-block-columns-is-layout-flex\">\n<div class=\"wp-block-column backgroundpink3 is-layout-flow wp-block-column-is-layout-flow\">\n<div style=\"height:20px\" aria-hidden=\"true\" class=\"wp-block-spacer\"><\/div>\n\n\n\n<h2 class=\"has-text-align-center mb-0 wp-block-heading\" id=\"zalety\">ZALETY<\/h2>\n\n\n\n<div class=\"wp-block-columns container is-layout-flex wp-container-core-columns-is-layout-9d6595d7 wp-block-columns-is-layout-flex\">\n<div class=\"wp-block-column is-layout-flow wp-block-column-is-layout-flow\">\n<p class=\"has-text-align-center\">Funkcja spania<\/p>\n<\/div>\n\n\n\n<div class=\"wp-block-column is-layout-flow wp-block-column-is-layout-flow\">\n<p class=\"has-text-align-center\">Spr\u0119\u017cyna falista<\/p>\n<\/div>\n\n\n\n<div class=\"wp-block-column is-layout-flow wp-block-column-is-layout-flow\">\n<p class=\"has-text-align-center\">Ruchomy zag\u0142\u00f3wek<\/p>\n<\/div>\n<\/div>\n\n\n\n<div style=\"height:20px\" aria-hidden=\"true\" class=\"wp-block-spacer\"><\/div>\n<\/div>\n<\/div>\n\n\n\n<div style=\"height:50px\" aria-hidden=\"true\" class=\"wp-block-spacer\"><\/div>\n\n\n\n<h2 class=\"has-text-align-center wp-block-heading\" id=\"wymiary\">WYMIARY<\/h2>\n\n\n\n<div class=\"wp-block-columns container is-layout-flex wp-container-core-columns-is-layout-9d6595d7 wp-block-columns-is-layout-flex\">\n<div class=\"wp-block-column container is-layout-flow wp-block-column-is-layout-flow\">\n<div class=\"wp-block-columns container mb-0 is-layout-flex wp-container-core-columns-is-layout-9d6595d7 wp-block-columns-is-layout-flex\">\n<div class=\"wp-block-column is-layout-flow wp-block-column-is-layout-flow\">\n<p class=\"has-text-align-left\"><strong>Szeroko\u015b\u0107<\/strong><\/p>\n<\/div>\n\n\n\n<div class=\"wp-block-column is-layout-flow wp-block-column-is-layout-flow\">\n<p class=\"has-text-align-center\">255 cm<\/p>\n<\/div>\n\n\n\n<div class=\"wp-block-column is-layout-flow wp-block-column-is-layout-flow\">\n<p class=\"has-text-align-left\"><strong>Wysoko\u015b\u0107 siedziska<\/strong><\/p>\n<\/div>\n\n\n\n<div class=\"wp-block-column is-layout-flow wp-block-column-is-layout-flow\">\n<p class=\"has-text-align-center\">43 cm<\/p>\n<\/div>\n<\/div>\n\n\n\n<div class=\"wp-block-columns container mt-0 mb-0 is-layout-flex wp-container-core-columns-is-layout-9d6595d7 wp-block-columns-is-layout-flex\">\n<div class=\"wp-block-column is-layout-flow wp-block-column-is-layout-flow\">\n<p class=\"has-text-align-left\"><strong><strong>Wysoko\u015b\u0107<\/strong><\/strong><\/p>\n<\/div>\n\n\n\n<div class=\"wp-block-column is-layout-flow wp-block-column-is-layout-flow\">\n<p class=\"has-text-align-center\">98 cm<\/p>\n<\/div>\n\n\n\n<div class=\"wp-block-column is-layout-flow wp-block-column-is-layout-flow\">\n<p class=\"has-text-align-left\"><strong>G\u0142\u0119boko\u015b\u0107 siedziska<\/strong><\/p>\n<\/div>\n\n\n\n<div class=\"wp-block-column is-layout-flow wp-block-column-is-layout-flow\">\n<p class=\"has-text-align-center\">56 cm<\/p>\n<\/div>\n<\/div>\n\n\n\n<div class=\"wp-block-columns container mt-0 is-layout-flex wp-container-core-columns-is-layout-9d6595d7 wp-block-columns-is-layout-flex\">\n<div class=\"wp-block-column is-layout-flow wp-block-column-is-layout-flow\">\n<p class=\"has-text-align-left\"><strong>G\u0142\u0119boko\u015b\u0107<\/strong><\/p>\n<\/div>\n\n\n\n<div class=\"wp-block-column is-layout-flow wp-block-column-is-layout-flow\">\n<p class=\"has-text-align-center\">95-104 cm<\/p>\n<\/div>\n\n\n\n<div class=\"wp-block-column is-layout-flow wp-block-column-is-layout-flow\">\n<p class=\"has-text-align-left\"><strong>D\u0142ugo\u015b\u0107<\/strong><\/p>\n<\/div>\n\n\n\n<div class=\"wp-block-column is-layout-flow wp-block-column-is-layout-flow\">\n<p class=\"has-text-align-center\">195 cm<\/p>\n<\/div>\n<\/div>\n\n\n\n<div class=\"wp-block-columns container mt-0 is-layout-flex wp-container-core-columns-is-layout-9d6595d7 wp-block-columns-is-layout-flex\">\n<div class=\"wp-block-column is-layout-flow wp-block-column-is-layout-flow\">\n<p class=\"has-text-align-left\"><strong>Wysoko\u015b\u0107 oparcia<\/strong><\/p>\n<\/div>\n\n\n\n<div class=\"wp-block-column is-layout-flow wp-block-column-is-layout-flow\">\n<p class=\"has-text-align-center\">52-61 cm<\/p>\n<\/div>\n\n\n\n<div class=\"wp-block-column is-layout-flow wp-block-column-is-layout-flow\">\n<p class=\"has-text-align-left\"><strong>Wysoko\u015b\u0107 n\u00f3\u017cek<\/strong><\/p>\n<\/div>\n\n\n\n<div class=\"wp-block-column is-layout-flow wp-block-column-is-layout-flow\">\n<p class=\"has-text-align-center\">6,5 cm<\/p>\n<\/div>\n<\/div>\n\n\n\n<div class=\"wp-block-columns container mt-0 is-layout-flex wp-container-core-columns-is-layout-9d6595d7 wp-block-columns-is-layout-flex\">\n<div class=\"wp-block-column is-layout-flow wp-block-column-is-layout-flow\">\n<p class=\"has-text-align-left\"><strong>Powierzchnia spania -szeroko\u015b\u0107<\/strong><\/p>\n<\/div>\n\n\n\n<div class=\"wp-block-column is-layout-flow wp-block-column-is-layout-flow\">\n<p class=\"has-text-align-center\">120 cm<\/p>\n<\/div>\n\n\n\n<div class=\"wp-block-column is-layout-flow wp-block-column-is-layout-flow\">\n<p class=\"has-text-align-left\"><strong>Powierzchnia spania &#8211; d\u0142ugo\u015b\u0107<\/strong><\/p>\n<\/div>\n\n\n\n<div class=\"wp-block-column is-layout-flow wp-block-column-is-layout-flow\">\n<p class=\"has-text-align-center\">198 cm<\/p>\n<\/div>\n<\/div>\n<\/div>\n<\/div>\n\n\n\n<div style=\"height:30px\" aria-hidden=\"true\" class=\"wp-block-spacer\"><\/div>\n\n\n\n<h2 class=\"has-text-align-center wp-block-heading\" id=\"wymiary\">INFORMACJE DODATKOWE<\/h2>\n\n\n\n<div class=\"wp-block-columns container is-layout-flex wp-container-core-columns-is-layout-9d6595d7 wp-block-columns-is-layout-flex\">\n<div class=\"wp-block-column is-layout-flow wp-block-column-is-layout-flow\">\n<div class=\"wp-block-columns mb-0 container is-layout-flex wp-container-core-columns-is-layout-9d6595d7 wp-block-columns-is-layout-flex\">\n<div class=\"wp-block-column ml-s is-layout-flow wp-block-column-is-layout-flow\">\n<p class=\"has-text-align-left\"><strong>Wysoko\u015b\u0107 n\u00f3\u017cek<\/strong><\/p>\n<\/div>\n\n\n\n<div class=\"wp-block-column is-layout-flow wp-block-column-is-layout-flow\">\n<p>6,5 cm<\/p>\n<\/div>\n<\/div>\n\n\n\n<div class=\"wp-block-columns container mt-0 mb-0 is-layout-flex wp-container-core-columns-is-layout-9d6595d7 wp-block-columns-is-layout-flex\">\n<div class=\"wp-block-column ml-s is-layout-flow wp-block-column-is-layout-flow\">\n<p class=\"has-text-align-left\"><strong>Waga mebla<\/strong><\/p>\n<\/div>\n\n\n\n<div class=\"wp-block-column is-layout-flow wp-block-column-is-layout-flow\">\n<p>137 kg<\/p>\n<\/div>\n<\/div>\n\n\n\n<div class=\"wp-block-columns container mt-0 mb-0 is-layout-flex wp-container-core-columns-is-layout-9d6595d7 wp-block-columns-is-layout-flex\">\n<div class=\"wp-block-column ml-s is-layout-flow wp-block-column-is-layout-flow\">\n<p class=\"has-text-align-left\"><strong>Wykonanie oparcia<\/strong><\/p>\n<\/div>\n\n\n\n<div class=\"wp-block-column is-layout-flow wp-block-column-is-layout-flow\">\n<p>pianka poliuretanowa \/ pas elastyczny<\/p>\n<\/div>\n<\/div>\n\n\n\n<div class=\"wp-block-columns container mt-0 mb-0 is-layout-flex wp-container-core-columns-is-layout-9d6595d7 wp-block-columns-is-layout-flex\">\n<div class=\"wp-block-column ml-s is-layout-flow wp-block-column-is-layout-flow\">\n<p class=\"has-text-align-left\"><strong>Wykonanie siedziska<\/strong><\/p>\n<\/div>\n\n\n\n<div class=\"wp-block-column is-layout-flow wp-block-column-is-layout-flow\">\n<p>pianka poliuretanowa \/ spr\u0119\u017cyny faliste<\/p>\n<\/div>\n<\/div>\n\n\n\n<div class=\"wp-block-columns container mt-0 mb-0 is-layout-flex wp-container-core-columns-is-layout-9d6595d7 wp-block-columns-is-layout-flex\">\n<div class=\"wp-block-column ml-s is-layout-flow wp-block-column-is-layout-flow\">\n<p class=\"has-text-align-left\"><strong>Wykonanie n\u00f3\u017cek<\/strong><\/p>\n<\/div>\n\n\n\n<div class=\"wp-block-column is-layout-flow wp-block-column-is-layout-flow\">\n<p>tworzywo sztuczne<\/p>\n<\/div>\n<\/div>\n\n\n\n<div class=\"wp-block-columns container mt-0 mb-0 is-layout-flex wp-container-core-columns-is-layout-9d6595d7 wp-block-columns-is-layout-flex\">\n<div class=\"wp-block-column ml-s is-layout-flow wp-block-column-is-layout-flow\">\n<p class=\"has-text-align-left\"><strong>Rodzaj drewna w szkielecie<\/strong><\/p>\n<\/div>\n\n\n\n<div class=\"wp-block-column is-layout-flow wp-block-column-is-layout-flow\">\n<p>iglaste<\/p>\n<\/div>\n<\/div>\n\n\n\n<div class=\"wp-block-columns container mt-0 mb-0 is-layout-flex wp-container-core-columns-is-layout-9d6595d7 wp-block-columns-is-layout-flex\">\n<div class=\"wp-block-column ml-s is-layout-flow wp-block-column-is-layout-flow\">\n<p class=\"has-text-align-left\"><strong>Wykonanie funkcji spania<\/strong><\/p>\n<\/div>\n\n\n\n<div class=\"wp-block-column is-layout-flow wp-block-column-is-layout-flow\">\n<p>spr\u0119\u017cyna falista \/ pianka poliuretanowa<\/p>\n<\/div>\n<\/div>\n\n\n\n<div class=\"wp-block-columns container mt-0 mb-0 is-layout-flex wp-container-core-columns-is-layout-9d6595d7 wp-block-columns-is-layout-flex\">\n<div class=\"wp-block-column ml-s is-layout-flow wp-block-column-is-layout-flow\">\n<p class=\"has-text-align-left\"><strong>Rodzaj funkcji spania<\/strong><\/p>\n<\/div>\n\n\n\n<div class=\"wp-block-column is-layout-flow wp-block-column-is-layout-flow\">\n<p>delfin<\/p>\n<\/div>\n<\/div>\n\n\n\n<div class=\"wp-block-columns container mt-0 is-layout-flex wp-container-core-columns-is-layout-9d6595d7 wp-block-columns-is-layout-flex\">\n<div class=\"wp-block-column ml-s is-layout-flow wp-block-column-is-layout-flow\">\n<p class=\"has-text-align-left\"><strong>Ilo\u015b\u0107 os\u00f3b<\/strong><\/p>\n<\/div>\n\n\n\n<div class=\"wp-block-column is-layout-flow wp-block-column-is-layout-flow\">\n<p>4<\/p>\n<\/div>\n<\/div>\n<\/div>\n<\/div>\n\n\n\n<div style=\"height:50px\" aria-hidden=\"true\" class=\"wp-block-spacer\"><\/div>\n\n\n\n<div class=\"wp-block-columns container is-layout-flex wp-container-core-columns-is-layout-9d6595d7 wp-block-columns-is-layout-flex\">\n<div class=\"wp-block-column is-layout-flow wp-block-column-is-layout-flow\">\n<h1 class=\"wp-block-heading\">Kolekcje<\/h1>\n\n\n\n<div class=\"wp-block-columns is-layout-flex wp-container-core-columns-is-layout-9d6595d7 wp-block-columns-is-layout-flex\">\n<div class=\"wp-block-column is-layout-flow wp-block-column-is-layout-flow\">\n<figure class=\"wp-block-image size-full\"><a href=\"http:\/\/lovsit.pl\/index.php\/narozniki-new\"><img loading=\"lazy\" decoding=\"async\" width=\"790\" height=\"584\" src=\"http:\/\/lovsit.pl\/wp-content\/uploads\/2022\/11\/photo@2x.png\" alt=\"\" class=\"wp-image-603\" srcset=\"http:\/\/lovsit.pl\/wp-content\/uploads\/2022\/11\/photo@2x.png 790w, http:\/\/lovsit.pl\/wp-content\/uploads\/2022\/11\/photo@2x-300x222.png 300w, http:\/\/lovsit.pl\/wp-content\/uploads\/2022\/11\/photo@2x-768x568.png 768w\" sizes=\"auto, (max-width: 790px) 100vw, 790px\" \/><\/a><\/figure>\n\n\n\n<p>Naro\u017cniki<\/p>\n<\/div>\n\n\n\n<div class=\"wp-block-column is-layout-flow wp-block-column-is-layout-flow\" style=\"flex-basis:2vw\"><\/div>\n\n\n\n<div class=\"wp-block-column is-layout-flow wp-block-column-is-layout-flow\">\n<figure class=\"wp-block-image size-full\"><a href=\"http:\/\/lovsit.pl\/index.php\/sofy-new\"><img loading=\"lazy\" decoding=\"async\" width=\"790\" height=\"586\" src=\"http:\/\/lovsit.pl\/wp-content\/uploads\/2022\/11\/zrzut-ekranu-2022-10-11-o-17-10-27@2x.png\" alt=\"\" class=\"wp-image-604\" srcset=\"http:\/\/lovsit.pl\/wp-content\/uploads\/2022\/11\/zrzut-ekranu-2022-10-11-o-17-10-27@2x.png 790w, http:\/\/lovsit.pl\/wp-content\/uploads\/2022\/11\/zrzut-ekranu-2022-10-11-o-17-10-27@2x-300x223.png 300w, http:\/\/lovsit.pl\/wp-content\/uploads\/2022\/11\/zrzut-ekranu-2022-10-11-o-17-10-27@2x-768x570.png 768w\" sizes=\"auto, (max-width: 790px) 100vw, 790px\" \/><\/a><\/figure>\n\n\n\n<p>Sofy<\/p>\n<\/div>\n\n\n\n<div class=\"wp-block-column is-layout-flow wp-block-column-is-layout-flow\" style=\"flex-basis:2vw\"><\/div>\n\n\n\n<div class=\"wp-block-column is-layout-flow wp-block-column-is-layout-flow\">\n<figure class=\"wp-block-image size-full\"><a href=\"http:\/\/lovsit.pl\/index.php\/fotele-new\"><img loading=\"lazy\" decoding=\"async\" width=\"790\" height=\"586\" src=\"http:\/\/lovsit.pl\/wp-content\/uploads\/2022\/11\/mula@2x.png\" alt=\"\" class=\"wp-image-605\" srcset=\"http:\/\/lovsit.pl\/wp-content\/uploads\/2022\/11\/mula@2x.png 790w, http:\/\/lovsit.pl\/wp-content\/uploads\/2022\/11\/mula@2x-300x223.png 300w, http:\/\/lovsit.pl\/wp-content\/uploads\/2022\/11\/mula@2x-768x570.png 768w\" sizes=\"auto, (max-width: 790px) 100vw, 790px\" \/><\/a><\/figure>\n\n\n\n<p>Fotele<\/p>\n<\/div>\n<\/div>\n\n\n\n<div style=\"height:50px\" aria-hidden=\"true\" class=\"wp-block-spacer\"><\/div>\n<\/div>\n<\/div>\n\n\n\n<div class=\"wp-block-columns m-0 has-background is-layout-flex wp-container-core-columns-is-layout-9d6595d7 wp-block-columns-is-layout-flex\" style=\"background-color:#f6f6f6\">\n<div class=\"wp-block-column container is-layout-flow wp-block-column-is-layout-flow\">\n<div style=\"height:50px\" aria-hidden=\"true\" class=\"wp-block-spacer\"><\/div>\n\n\n\n<div class=\"wp-block-columns container is-layout-flex wp-container-core-columns-is-layout-9d6595d7 wp-block-columns-is-layout-flex\">\n<div class=\"wp-block-column is-vertically-aligned-center is-layout-flow wp-block-column-is-layout-flow\">\n<figure class=\"wp-block-image size-full is-resized\"><img loading=\"lazy\" decoding=\"async\" src=\"http:\/\/lovsit.pl\/wp-content\/uploads\/2022\/11\/lovsit-logo.png\" alt=\"\" class=\"wp-image-703\" width=\"119\" height=\"58\"\/><\/figure>\n<\/div>\n\n\n\n<div class=\"wp-block-column is-layout-flow wp-block-column-is-layout-flow\">\n<h2 class=\"wp-block-heading\" id=\"kontakt\">WAJNERT MEBLE sp. z o. o.<\/h2>\n\n\n\n<p>ul. Kolejowa 67 PL 56-513 Mi\u0119dzyb\u00f3rz<\/p>\n<\/div>\n\n\n\n<div class=\"wp-block-column is-layout-flow wp-block-column-is-layout-flow\">\n<h2 class=\"wp-block-heading\">Jeste\u015bmy tu dla Ciebie, skontaktuj si\u0119 z nami<\/h2>\n\n\n\n<p>E: bok@wajnert.pl T: +48 62 59 96 740<\/p>\n<\/div>\n<\/div>\n\n\n\n<div style=\"height:50px\" aria-hidden=\"true\" class=\"wp-block-spacer\"><\/div>\n<\/div>\n<\/div>\n","protected":false},"excerpt":{"rendered":"<p>FOCUS od 4 386&nbsp;z\u0142 Geometryczna bry\u0142a, wyprofilowana linia&nbsp;opar\u0107 oraz&nbsp;metalowa listwa na boku&nbsp;sprawi, \u017ce naro\u017cnik Focus w salonie&nbsp;to mebel obowi\u0105zkowy, dla wszystkich kt\u00f3rzy ceni\u0105&nbsp;wygod\u0119 funkcjonalno\u015b\u0107. Dzi\u0119ki&nbsp;ruchomym zag\u0142\u00f3wkom&nbsp;oraz&nbsp;funkcji spania&nbsp;b\u0119dzie&nbsp;doskona\u0142ym miejscem do wypoczynku.&nbsp; Kup w salonach mebli WAJNERT. Lista salon\u00f3w ZALETY Funkcja spania Spr\u0119\u017cyna falista Ruchomy zag\u0142\u00f3wek WYMIARY Szeroko\u015b\u0107 255 cm Wysoko\u015b\u0107 siedziska 43 cm Wysoko\u015b\u0107 98 cm [&hellip;]<\/p>\n","protected":false},"author":1,"featured_media":0,"parent":0,"menu_order":0,"comment_status":"closed","ping_status":"closed","template":"","meta":{"footnotes":""},"class_list":["post-482","page","type-page","status-publish","hentry"],"_links":{"self":[{"href":"http:\/\/lovsit.pl\/index.php\/wp-json\/wp\/v2\/pages\/482","targetHints":{"allow":["GET"]}}],"collection":[{"href":"http:\/\/lovsit.pl\/index.php\/wp-json\/wp\/v2\/pages"}],"about":[{"href":"http:\/\/lovsit.pl\/index.php\/wp-json\/wp\/v2\/types\/page"}],"author":[{"embeddable":true,"href":"http:\/\/lovsit.pl\/index.php\/wp-json\/wp\/v2\/users\/1"}],"replies":[{"embeddable":true,"href":"http:\/\/lovsit.pl\/index.php\/wp-json\/wp\/v2\/comments?post=482"}],"version-history":[{"count":13,"href":"http:\/\/lovsit.pl\/index.php\/wp-json\/wp\/v2\/pages\/482\/revisions"}],"predecessor-version":[{"id":1164,"href":"http:\/\/lovsit.pl\/index.php\/wp-json\/wp\/v2\/pages\/482\/revisions\/1164"}],"wp:attachment":[{"href":"http:\/\/lovsit.pl\/index.php\/wp-json\/wp\/v2\/media?parent=482"}],"curies":[{"name":"wp","href":"https:\/\/api.w.org\/{rel}","templated":true}]}}