{"id":121,"date":"2021-12-08T13:48:55","date_gmt":"2021-12-08T12:48:55","guid":{"rendered":"http:\/\/lovsittest.pl\/?page_id=121"},"modified":"2022-01-21T16:24:56","modified_gmt":"2022-01-21T15:24:56","slug":"fotele","status":"publish","type":"page","link":"http:\/\/lovsit.pl\/index.php\/fotele\/","title":{"rendered":"FOTELE"},"content":{"rendered":"\n<div class=\"wp-block-image container\"><figure class=\"aligncenter size-full\"><img loading=\"lazy\" decoding=\"async\" width=\"1698\" height=\"611\" src=\"http:\/\/lovsittest.pl\/wp-content\/uploads\/2021\/12\/header_Fotele.png\" alt=\"\" class=\"wp-image-123\" srcset=\"http:\/\/lovsit.pl\/wp-content\/uploads\/2021\/12\/header_Fotele.png 1698w, http:\/\/lovsit.pl\/wp-content\/uploads\/2021\/12\/header_Fotele-300x108.png 300w, http:\/\/lovsit.pl\/wp-content\/uploads\/2021\/12\/header_Fotele-1024x368.png 1024w, http:\/\/lovsit.pl\/wp-content\/uploads\/2021\/12\/header_Fotele-768x276.png 768w, http:\/\/lovsit.pl\/wp-content\/uploads\/2021\/12\/header_Fotele-1536x553.png 1536w\" sizes=\"auto, (max-width: 1698px) 100vw, 1698px\" \/><\/figure><\/div>\n\n\n\n<div style=\"height:70px\" aria-hidden=\"true\" class=\"wp-block-spacer\"><\/div>\n\n\n\n<div class=\"wp-block-columns container is-layout-flex wp-container-core-columns-is-layout-9d6595d7 wp-block-columns-is-layout-flex\">\n<div class=\"wp-block-column is-layout-flow wp-block-column-is-layout-flow\" style=\"flex-basis:272px\">\n<div class=\"wp-block-image\"><figure class=\"alignleft size-full\"><a href=\"http:\/\/lovsit.pl\/index.php\/narozniki\/\"><img loading=\"lazy\" decoding=\"async\" width=\"272\" height=\"54\" src=\"http:\/\/lovsittest.pl\/wp-content\/uploads\/2021\/12\/narozniki.png\" alt=\"\" class=\"wp-image-81\"\/><\/a><\/figure><\/div>\n<\/div>\n\n\n\n<div class=\"wp-block-column is-layout-flow wp-block-column-is-layout-flow\" style=\"flex-basis:186px\">\n<div class=\"wp-block-image\"><figure class=\"alignleft size-full\"><a href=\"http:\/\/lovsit.pl\/index.php\/sofy\/\"><img loading=\"lazy\" decoding=\"async\" width=\"186\" height=\"54\" src=\"http:\/\/lovsittest.pl\/wp-content\/uploads\/2021\/12\/sofy.png\" alt=\"\" class=\"wp-image-83\"\/><\/a><\/figure><\/div>\n<\/div>\n\n\n\n<div class=\"wp-block-column is-layout-flow wp-block-column-is-layout-flow\" style=\"flex-basis:205px\">\n<div class=\"wp-block-image\"><figure class=\"alignleft size-full\"><img loading=\"lazy\" decoding=\"async\" width=\"205\" height=\"54\" src=\"http:\/\/lovsittest.pl\/wp-content\/uploads\/2021\/12\/fotele_hover.png\" alt=\"\" class=\"wp-image-122\"\/><\/figure><\/div>\n<\/div>\n<\/div>\n\n\n\n<div style=\"height:30px\" aria-hidden=\"true\" class=\"wp-block-spacer\"><\/div>\n\n\n\n<div class=\"wp-block-columns container is-layout-flex wp-container-core-columns-is-layout-9d6595d7 wp-block-columns-is-layout-flex\">\n<div class=\"wp-block-column is-layout-flow wp-block-column-is-layout-flow\">\n<div class=\"wp-block-image\"><figure class=\"alignleft size-full\"><a class=\"box\" href=\"http:\/\/lovsit.pl\/index.php\/fotele\/\"><img loading=\"lazy\" decoding=\"async\" width=\"775\" height=\"432\" src=\"http:\/\/lovsittest.pl\/wp-content\/uploads\/2021\/12\/MODERN.png\" alt=\"\" class=\"wp-image-105\" srcset=\"http:\/\/lovsit.pl\/wp-content\/uploads\/2021\/12\/MODERN.png 775w, http:\/\/lovsit.pl\/wp-content\/uploads\/2021\/12\/MODERN-300x167.png 300w, http:\/\/lovsit.pl\/wp-content\/uploads\/2021\/12\/MODERN-768x428.png 768w\" sizes=\"auto, (max-width: 775px) 100vw, 775px\" \/><\/a><\/figure><\/div>\n<\/div>\n\n\n\n<div class=\"wp-block-column is-layout-flow wp-block-column-is-layout-flow\">\n<div class=\"wp-block-image\"><figure class=\"alignright size-full\"><a class=\"box\" href=\"http:\/\/lovsit.pl\/index.php\/fotele\/\"><img loading=\"lazy\" decoding=\"async\" width=\"775\" height=\"432\" src=\"http:\/\/lovsittest.pl\/wp-content\/uploads\/2021\/12\/MULA.png\" alt=\"\" class=\"wp-image-106\" srcset=\"http:\/\/lovsit.pl\/wp-content\/uploads\/2021\/12\/MULA.png 775w, http:\/\/lovsit.pl\/wp-content\/uploads\/2021\/12\/MULA-300x167.png 300w, http:\/\/lovsit.pl\/wp-content\/uploads\/2021\/12\/MULA-768x428.png 768w\" sizes=\"auto, (max-width: 775px) 100vw, 775px\" \/><\/a><\/figure><\/div>\n<\/div>\n<\/div>\n\n\n\n<div style=\"height:30px\" aria-hidden=\"true\" class=\"wp-block-spacer\"><\/div>\n\n\n\n<div class=\"wp-block-columns pb-0 container backgroundpink2 is-layout-flex wp-container-core-columns-is-layout-9d6595d7 wp-block-columns-is-layout-flex\">\n<div class=\"wp-block-column is-layout-flow wp-block-column-is-layout-flow\">\n<div class=\"wp-block-columns is-layout-flex wp-container-core-columns-is-layout-9d6595d7 wp-block-columns-is-layout-flex\">\n<div class=\"wp-block-column is-layout-flow wp-block-column-is-layout-flow\">\n<figure class=\"wp-block-image size-full full\" id=\"kontakt\"><img loading=\"lazy\" decoding=\"async\" width=\"849\" height=\"365\" src=\"http:\/\/lovsittest.pl\/wp-content\/uploads\/2021\/12\/kontakt.png\" alt=\"\" class=\"wp-image-285\" srcset=\"http:\/\/lovsit.pl\/wp-content\/uploads\/2021\/12\/kontakt.png 849w, http:\/\/lovsit.pl\/wp-content\/uploads\/2021\/12\/kontakt-300x129.png 300w, http:\/\/lovsit.pl\/wp-content\/uploads\/2021\/12\/kontakt-768x330.png 768w\" sizes=\"auto, (max-width: 849px) 100vw, 849px\" \/><\/figure>\n<\/div>\n\n\n\n<div class=\"wp-block-column ml-2 mt-2 is-layout-flow wp-block-column-is-layout-flow\">\n<h3 class=\"mb-0 mt-1 wp-block-heading\">KONTAKT<\/h3>\n\n\n\n<div class=\"wp-block-columns mb-0 is-layout-flex wp-container-core-columns-is-layout-9d6595d7 wp-block-columns-is-layout-flex\">\n<div class=\"wp-block-column mb-0 is-layout-flow wp-block-column-is-layout-flow\">\n<p><strong>Adres firmy<\/strong><br>WAJNERT MEBLE sp. z.o.o<br>ul. Kolejowa 67<br>PL 56-513 Mi\u0119dzyb\u00f3rz<\/p>\n<\/div>\n\n\n\n<div class=\"wp-block-column ml-1 is-layout-flow wp-block-column-is-layout-flow\">\n<p><strong>Masz pytania? <\/strong><br><strong>Skontaktuj si\u0119 z nami<\/strong><br>E: bok@wajnert.pl<br>T<a rel=\"noreferrer noopener\" href=\"tel:+48625996740\" target=\"_blank\">: <\/a>+48 62 59 96 740&nbsp;<\/p>\n<\/div>\n<\/div>\n<\/div>\n<\/div>\n<\/div>\n<\/div>\n\n\n\n<div style=\"height:50px\" aria-hidden=\"true\" class=\"wp-block-spacer\"><\/div>\n","protected":false},"excerpt":{"rendered":"<p>KONTAKT Adres firmyWAJNERT MEBLE sp. z.o.oul. Kolejowa 67PL 56-513 Mi\u0119dzyb\u00f3rz Masz pytania? Skontaktuj si\u0119 z namiE: bok@wajnert.plT: +48 62 59 96 740&nbsp;<\/p>\n","protected":false},"author":1,"featured_media":0,"parent":0,"menu_order":0,"comment_status":"closed","ping_status":"closed","template":"","meta":{"footnotes":""},"class_list":["post-121","page","type-page","status-publish","hentry"],"_links":{"self":[{"href":"http:\/\/lovsit.pl\/index.php\/wp-json\/wp\/v2\/pages\/121","targetHints":{"allow":["GET"]}}],"collection":[{"href":"http:\/\/lovsit.pl\/index.php\/wp-json\/wp\/v2\/pages"}],"about":[{"href":"http:\/\/lovsit.pl\/index.php\/wp-json\/wp\/v2\/types\/page"}],"author":[{"embeddable":true,"href":"http:\/\/lovsit.pl\/index.php\/wp-json\/wp\/v2\/users\/1"}],"replies":[{"embeddable":true,"href":"http:\/\/lovsit.pl\/index.php\/wp-json\/wp\/v2\/comments?post=121"}],"version-history":[{"count":22,"href":"http:\/\/lovsit.pl\/index.php\/wp-json\/wp\/v2\/pages\/121\/revisions"}],"predecessor-version":[{"id":366,"href":"http:\/\/lovsit.pl\/index.php\/wp-json\/wp\/v2\/pages\/121\/revisions\/366"}],"wp:attachment":[{"href":"http:\/\/lovsit.pl\/index.php\/wp-json\/wp\/v2\/media?parent=121"}],"curies":[{"name":"wp","href":"https:\/\/api.w.org\/{rel}","templated":true}]}}